{"id":717,"date":"2015-09-01T20:22:09","date_gmt":"2015-09-01T19:22:09","guid":{"rendered":"http:\/\/www.projetsoha.org\/?page_id=717"},"modified":"2015-12-29T18:46:31","modified_gmt":"2015-12-29T17:46:31","slug":"guide-de-participation-pour-les-co-chercheurs-et-assistants-du-projet-soha","status":"publish","type":"page","link":"https:\/\/www.projetsoha.org\/?page_id=717","title":{"rendered":"Guide de participation pour les co-chercheurs et assistants du projet SOHA"},"content":{"rendered":"<p>Si vous lisez cette page, c&rsquo;est que vous souhaitez participer activement \u00e0 l&rsquo;axe recherche du projet SOHA et nous vous en remercions grandement pour commencer! Notre projet a tr\u00e8s peu d&rsquo;argent (70 000$ pour deux ans pour 12 pays et 5 objectifs) et ne fonctionne que gr\u00e2ce \u00e0 la participation de professeurs et d&rsquo;\u00e9tudiants engag\u00e9s.<\/p>\n<p>Si vous lisez cette page, c&rsquo;est probablement aussi parce que nous avons re\u00e7u peu de r\u00e9ponses \u00e0 notre questionnaire dans votre pays. Nous souhaitons avoir au moins 50 r\u00e9ponses par pays, car cela permettra de faire des comparaisons tr\u00e8s fructueuses entre les 12 pays du projet. Au d\u00e9but septembre 2015, nous avions pr\u00e8s de 370 r\u00e9ponses, dont une centaine au S\u00e9n\u00e9gal, une centaine au Cameroun et le reste se r\u00e9partit entre les autres pays. \u00c0 la fin d\u00e9cembre 2015, nous avons pr\u00e8s de 650 r\u00e9ponses!<\/p>\n<p>Tout d&rsquo;abord, si ce n&rsquo;est pas d\u00e9j\u00e0 fait, nous vous encourageons fortement \u00e0 adh\u00e9rer au Collectif SOHA (pour nos statistiques) et \u00e0 r\u00e9pondre vous-m\u00eame au questionnaire, afin d&rsquo;en prendre connaissance de mani\u00e8re approfondie. Ensuite, voici les consignes :<\/p>\n<h2>\u00c9ch\u00e9ancier<\/h2>\n<p>Nous souhaitons que la collecte se termine \u00e0 la mi-janvier 2016 pour pouvoir commencer l&rsquo;analyse. Si, pour une raison ou pour une autre, vous avez besoin de plus de temps, nous \u00e9crire \u00e0 equipe@projetsoha.org. Florence Piron et Thomas Mboa sont les deux responsables de l&rsquo;enqu\u00eate et r\u00e9pondent tous les deux \u00e0 cette adresse.<\/p>\n<h2>Le public vis\u00e9<\/h2>\n<ol>\n<li>Prioritairement, il s&rsquo;agit des doctorants, futurs chercheurs, ou des jeunes docteurs (titulaires de doctorat). Mais le questionnaire accueille aussi les r\u00e9ponses des \u00e9tudiants de master et de licence, ce qui nous donnera un bon portrait de l&rsquo;ensemble des niveaux de formation.<\/li>\n<li>Le questionnaire accueille toutes les disciplines<\/li>\n<li>Le questionnaire s&rsquo;int\u00e9resse aux personnes inscrites en Afrique et en Ha\u00efti, mais aussi aux personnes d&rsquo;Afrique et d&rsquo;Ha\u00efti qui sont inscrites dans des universit\u00e9s des pays du Nord.<\/li>\n<\/ol>\n<h2>Le mat\u00e9riel<\/h2>\n<p>Vous devrez travailler avec deux documents. Alors que le questionnaire est anonyme, le formulaire invite les personnes \u00e0 laisser leur nom et leur adresse mail, ce qui nous permettra de les recontacter ensuite pour les inviter \u00e0 participer \u00e0 diff\u00e9rents projets de formation, de publication ou m\u00eame \u00e0 l&rsquo;analyse des donn\u00e9es.Ce duo de documents est essentiel \u00e0 la bonne marche du protocole de recherche-action que nous suivons et a \u00e9t\u00e9 approuv\u00e9 par le comit\u00e9 d&rsquo;\u00e9thique de l&rsquo;Universit\u00e9 Laval.<\/p>\n<p>Dans <a href=\"https:\/\/www.dropbox.com\/sh\/86ut0dcmrfc0c0o\/AAC4Jw6LyuO_zMVRnGJeOv5la?dl=0\" target=\"_blank\">une m\u00eame dropbox (dossier en ligne virtuel partag\u00e9)<\/a>, nous avons d\u00e9pos\u00e9 1) Le formulaire d&rsquo;adh\u00e9sion au Collectif SOHA, 2) plusieurs documents pour vous permettre de pr\u00e9senter le projet SOHA, notamment une fiche de pr\u00e9sentation et un powerpoint que vous pouvez utiliser comme bon vous semble), 3) un formulaire de consentement pour le Qu\u00e9bec, 4) les 4 questionnaires (\u00e9tudiants de licence, \u00e9tudiants de master, \u00e9tudiants de doctorat, titulaires de doctorat) en format pdf pour l&rsquo;impression et 5) les 4 questionnaires en format Word.<\/p>\n<p>Si vous n&rsquo;arrivez pas \u00e0 t\u00e9l\u00e9charger les documents, \u00e9crivez-nous \u00e0 equipe@projetsoha.org et nous les enverrons par mail.<\/p>\n<h2>La technique de collecte<\/h2>\n<ol>\n<li>Le questionnaire dans sa version en ligne permet \u00e0 chaque personne de le remplir quand elle le souhaite, mais \u00e0 condition d&rsquo;avoir un ordinateur ou une tablette et un acc\u00e8s Internet de qualit\u00e9 (il faut compter 45 minutes). C&rsquo;est la solution id\u00e9ale puisque la r\u00e9ponse s&rsquo;ajoute directement \u00e0 la base de donn\u00e9es. Mais ce n&rsquo;est pas toujours possible \u00e0 cause des probl\u00e8mes d&rsquo;acc\u00e8s \u00e0 un ordinateur ou \u00e0 Internet.<\/li>\n<li>Le questionnaire existe en format Word, avec quelques variations selon le niveau d&rsquo;\u00e9tudes des personnes qui le remplissent. Il y a donc 4 versions du questionnaire. Le questionnaire peut \u00eatre rempli sur un ordinateur, mais hors ligne. La personne n&rsquo;aura qu&rsquo;\u00e0 se connecter bri\u00e8vement pour renvoyer le questionnaire. Id\u00e9alement, elle l&rsquo;envoie \u00e0 l&rsquo;adresse equipe@projetsoha.org, mais elle peut aussi vous l&rsquo;envoyer et vous le transf\u00e9rerez \u00e0 cette adresse. Vous trouverez ces fichiers word dans la dropbox de l&rsquo;enqu\u00eate.<\/li>\n<li>Le questionnaire existe aussi en pdf \u00e0 faire imprimer (les quatre versions se trouvent dans la dropbox de l&rsquo;enqu\u00eate). Les personnes r\u00e9pondent alors \u00e0 la main. Vous devez r\u00e9cup\u00e9rer les questionnaires puis vous avez deux choix : si c&rsquo;est possible pour vous, vous en faites vous-m\u00eame la saisie dans le formulaire en ligne en recopiant soigneusement les r\u00e9ponses not\u00e9es et en faisant bien attention de faire correspondre les questions et les r\u00e9ponses. Ou vous \u00e9changez avec nous pour trouver la meilleure fa\u00e7on de nous les faire parvenir.<\/li>\n<\/ol>\n<h2>L&rsquo;ordre de vos actions<\/h2>\n<ol>\n<li>Il est essentiel de <strong>commencer par faire remplir aux personnes le formulaire d&rsquo;adh\u00e9sion au Collectif SOHA<\/strong>, qui est un document distinct du questionnaire. Si vous utilisez le <a href=\"https:\/\/docs.google.com\/forms\/d\/1vd5eyQODVf0s4cGfRfb0JrgNoR3ta9W-E26vH3XjU08\/viewform\" target=\"_blank\">formulaire d&rsquo;adh\u00e9sion en ligne<\/a>, les personnes recevront automatiquement un lien vers le questionnaire en ligne ou une version Word du questionnaire, dans les minutes ou heures suivantes (nous le faisons manuellement).<\/li>\n<li>Si vous faites tout en salle, sans ordinateur, vous distribuerez aux personnes une version imprim\u00e9e du formulaire <strong>et<\/strong> du questionnaire. Dans ce cas, vous saisirez les deux formulaires dans leur version en ligne ou vous nous les ferez parvenir.<\/li>\n<\/ol>\n<h2>Le recrutement des r\u00e9pondants<\/h2>\n<p>Tous nos co-chercheurs et assistants ont fonctionn\u00e9 diff\u00e9remment, donc toute strat\u00e9gie est bonne! Recruter des r\u00e9pondants par le bouche \u00e0 oreille, par vos r\u00e9seaux ou en contactant une \u00e9cole doctorale, par exemple; ils peuvent \u00eatre des amis, des coll\u00e8gues, etc. L&rsquo;important est de bien leur expliquer le projet, en utilisant le powerpoint au besoin, ou alors simplement de les mettre en confiance en expliquant que cette enqu\u00eate va aider \u00e0 am\u00e9liorer les conditions des \u00e9tudiants en pr\u00e9sentant un portrait approfondi, qui ne peut exister que s&rsquo;ils y participent. Leur dire aussi que r\u00e9pondre \u00e0 cette enqu\u00eate leur permet de s&rsquo;exprimer de mani\u00e8re anonyme sur des questions importantes.<\/p>\n<h2>Comment leur faire remplir le questionnaire?<\/h2>\n<p>Les \u00e9tudiants sont parfois r\u00e9ticents \u00e0 remplir le formulaire et le questionnaire en ligne. C&rsquo;est d&rsquo;ailleurs un des aspects que le projet SOHA veut mieux comprendre. S&rsquo;il s&rsquo;agit d&rsquo;un probl\u00e8me d&rsquo;acc\u00e8s \u00e0 l&rsquo;ordinateur ou au web, vous pouvez r\u00e9server quelques postes de travail dans un cybercaf\u00e9 pour une heure, ce qui suffira amplement. S&rsquo;il existe un labo d&rsquo;informatique, vous pouvez aussi essayer de le r\u00e9server.<\/p>\n<p>Sinon, il faut leur proposer le formulaire et le questionnaire sous format imprim\u00e9. La meilleure technique est de leur donner un maximum de 2 jours pour le remplir et de leur donner un rendez-vous ferme pour le r\u00e9cup\u00e9rer.<\/p>\n<h2>R\u00e9ponses aux questions les plus fr\u00e9quentes<\/h2>\n<p>Les \u00e9tudiants pensent qu&rsquo;il s&rsquo;agit d&rsquo;un projet du Nord avec de l&rsquo;argent. Il faut leur expliquer que non, c&rsquo;est un projet Nord-Sud de recherche-action qui n&rsquo;a pas beaucoup d&rsquo;argent alors qu&rsquo;il veut travailler sur 12 pays, et qui fait beaucoup gr\u00e2ce \u00e0 la g\u00e9n\u00e9rosit\u00e9 de tous.<\/p>\n<p>Qu&rsquo;est-ce qu&rsquo;on peut y gagner, se demandent les \u00e9tudiants? La r\u00e9ponse d\u00e9taill\u00e9e est dans la page du Collectif SOHA, mais voici l&rsquo;essentiel:<\/p>\n<ul>\n<li>participer \u00e0 une enqu\u00eate qui pourra appuyer les demandes de ceux qui veulent du changement dans les universit\u00e9s africaines et ha\u00eftiennes<\/li>\n<li>Acc\u00e9der aux donn\u00e9es de l&rsquo;enqu\u00eate qui seront ouvertes, afin de faire un m\u00e9moire de master<\/li>\n<li>participer \u00e0 un grand r\u00e9seau international<\/li>\n<li>publier des billets de blog et participer \u00e0 des projets de livres des <a href=\"http:\/\/editionscienceetbiencommun.org\" target=\"_blank\">\u00c9ditions science et bien commun<\/a><\/li>\n<li>en 2016, suivre des formations en ligne sur la science ouverte<\/li>\n<li>participer au groupe Facebook<\/li>\n<li>d\u00e9velopper sa compr\u00e9hension de la science ouverte pour accompagner le pays sur cette voie dans laquelle l&rsquo;Afrique anglophone et les pays du Nord sont bien engag\u00e9s<\/li>\n<\/ul>\n<h2>Bilan<\/h2>\n<ul>\n<li>recruter des r\u00e9pondants<\/li>\n<li>leur pr\u00e9senter le projet<\/li>\n<li>leur faire remplir le formulaire d&rsquo;adh\u00e9sion<\/li>\n<li>leur faire remplir les questionnaires en ligne, en Word ou imprim\u00e9s &#8211; dans ce dernier cas, les saisir vous-m\u00eame dans le questionnaire en ligne ou nous faire parvenir de mani\u00e8re s\u00e9curitaire les papiers.<\/li>\n<\/ul>\n<h2>Financement<\/h2>\n<p>Comme nous avons peu d&rsquo;argent pour tout ce que nous voulons et devons faire dans le projet SOHA, nous ne pouvons que nous engager \u00e0 vous rembourser les co\u00fbts \u00e9ventuels d&rsquo;impression des questionnaires ou de s\u00e9ances au cybercaf\u00e9 et des honoraires pour le temps pass\u00e9 \u00e0 saisir les questionnaires.<\/p>\n<p>Apr\u00e8s r\u00e9ception d&rsquo;une \u00e9valuation de vos besoins, nous pourrons vous envoyer une premi\u00e8re somme par moneygram, puis une deuxi\u00e8me au besoin.<\/p>\n<p>Pour toute question : equipe@projetsoha.org<\/p>\n<p>&nbsp;<\/p>\n","protected":false},"excerpt":{"rendered":"<p>Si vous lisez cette page, c&rsquo;est que vous souhaitez participer activement \u00e0 l&rsquo;axe recherche du projet SOHA et nous vous en remercions grandement pour commencer! Notre projet a tr\u00e8s peu d&rsquo;argent (70 000$ pour deux ans pour 12 pays et 5 objectifs) et ne fonctionne que gr\u00e2ce \u00e0 la participation\u2026<\/p>\n<p> <a class=\"continue-reading-link\" href=\"https:\/\/www.projetsoha.org\/?page_id=717\"><span>Lire la suite<\/span><i class=\"crycon-right-dir\"><\/i><\/a> <\/p>\n","protected":false},"author":4,"featured_media":0,"parent":0,"menu_order":0,"comment_status":"closed","ping_status":"closed","template":"","meta":{"_monsterinsights_skip_tracking":false,"_monsterinsights_sitenote_active":false,"_monsterinsights_sitenote_note":"","_monsterinsights_sitenote_category":0,"footnotes":""},"class_list":["post-717","page","type-page","status-publish","hentry"],"_links":{"self":[{"href":"https:\/\/www.projetsoha.org\/index.php?rest_route=\/wp\/v2\/pages\/717","targetHints":{"allow":["GET"]}}],"collection":[{"href":"https:\/\/www.projetsoha.org\/index.php?rest_route=\/wp\/v2\/pages"}],"about":[{"href":"https:\/\/www.projetsoha.org\/index.php?rest_route=\/wp\/v2\/types\/page"}],"author":[{"embeddable":true,"href":"https:\/\/www.projetsoha.org\/index.php?rest_route=\/wp\/v2\/users\/4"}],"replies":[{"embeddable":true,"href":"https:\/\/www.projetsoha.org\/index.php?rest_route=%2Fwp%2Fv2%2Fcomments&post=717"}],"version-history":[{"count":7,"href":"https:\/\/www.projetsoha.org\/index.php?rest_route=\/wp\/v2\/pages\/717\/revisions"}],"predecessor-version":[{"id":920,"href":"https:\/\/www.projetsoha.org\/index.php?rest_route=\/wp\/v2\/pages\/717\/revisions\/920"}],"wp:attachment":[{"href":"https:\/\/www.projetsoha.org\/index.php?rest_route=%2Fwp%2Fv2%2Fmedia&parent=717"}],"curies":[{"name":"wp","href":"https:\/\/api.w.org\/{rel}","templated":true}]}}