{"id":24,"date":"2015-05-07T20:51:16","date_gmt":"2015-05-07T19:51:16","guid":{"rendered":"http:\/\/www.projetsoha.org\/?page_id=24"},"modified":"2016-05-26T00:18:30","modified_gmt":"2016-05-25T23:18:30","slug":"enquete-soha","status":"publish","type":"page","link":"https:\/\/www.projetsoha.org\/?page_id=24","title":{"rendered":"Premi\u00e8re enqu\u00eate SOHA"},"content":{"rendered":"<p><a href=\"https:\/\/www.projetsoha.org\/wp-content\/uploads\/2015\/04\/IMG_2644-e1431090322624.jpg\"><img loading=\"lazy\" decoding=\"async\" class=\" wp-image-15 alignleft\" src=\"https:\/\/www.projetsoha.org\/wp-content\/uploads\/2015\/04\/IMG_2644-300x225.jpg\" alt=\"IMG_2644\" width=\"193\" height=\"145\" \/><\/a>La premi\u00e8re enqu\u00eate du <a href=\"https:\/\/www.projetsoha.org\/?page_id=20\" target=\"_blank\">projet SOHA<\/a> vise \u00e0 r\u00e9pondre \u00e0 la question de recherche suivante : quels sont les obstacles \u00e0 l&rsquo;adoption des valeurs, pratiques et outils de la science ouverte dans les universit\u00e9s d&rsquo;Ha\u00efti et d&rsquo;Afrique francophone?<\/p>\n<p>Pour y r\u00e9pondre, nous souhaitons recueillir des centaines de r\u00e9ponses \u00e0 une enqu\u00eate men\u00e9e aupr\u00e8s d&rsquo;universitaires de ces pays, plus particuli\u00e8rement des personnes en master ou en doctorat, avant le<strong> 7 f\u00e9vrier 2016<\/strong>.<\/p>\n<p>Cette enqu\u00eate prend la forme d&rsquo;un grand questionnaire qui compte 5 sections : 1) Qui \u00eates-vous? 2) Votre universit\u00e9 3) Votre parcours universitaire et vos comp\u00e9tences acquises 4) Vos ressources de travail 5)\u00a0 Le r\u00f4le de la recherche scientifique dans votre pays. Il est disponible en ligne ou en format word.<\/p>\n<p>R\u00e9pondre \u00e0 cette enqu\u00eate est une occasion de parler de vos \u00e9tudes, de votre universit\u00e9, de ce qui s&rsquo;y passe de bon ou de moins bon, des changements \u00e0 y apporter, etc. L&rsquo;enqu\u00eate vous am\u00e8ne aussi \u00e0 r\u00e9fl\u00e9chir sur vos comp\u00e9tences universitaires, en particulier vos comp\u00e9tences en recherche, sur les ressources mat\u00e9rielles et num\u00e9riques que vous utilisez et sur le r\u00f4le de la science et de la recherche dans votre pays. Comme ce questionnaire est <strong>anonyme<\/strong>, vous pourrez utiliser les nombreux espaces de commentaire libre pour vous exprimer sans contrainte sur les conditions dans lesquelles vous \u00e9tudiez ou faites de la recherche scientifique.<\/p>\n<p>La participation \u00e0 cette enqu\u00eate est r\u00e9serv\u00e9e aux <a href=\"https:\/\/www.projetsoha.org\/?page_id=22\" target=\"_blank\">membres du Collectif SOHA<\/a> qui vise \u00e0 rassembler les personnes d&rsquo;Ha\u00efti et d&rsquo;Afrique francophone qui s&rsquo;int\u00e9ressent \u00e0 la science ouverte\u00a0 et veulent mieux la comprendre ou qui souhaitent en devenir des leaders dans leur universit\u00e9.<\/p>\n<p>Il faut donc <strong>s&rsquo;inscrire au Collectif SOHA<\/strong> en <a href=\"https:\/\/docs.google.com\/forms\/d\/1vd5eyQODVf0s4cGfRfb0JrgNoR3ta9W-E26vH3XjU08\/viewform\" target=\"_blank\">remplissant un tr\u00e8s bref formulaire d&rsquo;adh\u00e9sion <\/a>AVANT de participer \u00e0 l&rsquo;enqu\u00eate. D\u00e8s cette inscription, un membre de l&rsquo;\u00e9quipe vous enverra le lien vers le questionnaire en ligne ou le questionnaire en format Word. Au besoin, \u00e9crivez \u00e0 \u00a0equipe@projetsoha.org pour recevoir ces informations.<\/p>\n<p>Le Collectif SOHA a offert d\u00e8s juillet 2015 \u00e0 ses membres de faire plusieurs exp\u00e9riences concr\u00e8tes de science ouverte : des publications en libre acc\u00e8s (billet de blog, chapitre, article ou livre), une formation sur l&rsquo;\u00e9criture d&rsquo;un projet de recherche \u00e0 la mani\u00e8re de la science ouverte et m\u00eame l&rsquo;acc\u00e8s aux donn\u00e9es de l&rsquo;enqu\u00eate SOHA, de mani\u00e8re ouverte et collaborative, si vous d\u00e9sirez les utiliser dans vos travaux.<\/p>\n<p><strong>Les r\u00e9sultats de l&rsquo;enqu\u00eate<\/strong><\/p>\n<p>Les donn\u00e9es brutes sont accessibles sur le site de partage de donn\u00e9es scientifiques Zenodo.<\/p>\n<p>Pour en savoir plus, allez sur la <a href=\"https:\/\/www.projetsoha.org\/?page_id=1020\">page Open Data<\/a>.<\/p>\n<p>&nbsp;<\/p>\n<p><script>\/\/ <![CDATA[\n(function(i,s,o,g,r,a,m){i['GoogleAnalyticsObject']=r;i[r]=i[r]||function(){ (i[r].q=i[r].q||[]).push(arguments)},i[r].l=1*new Date();a=s.createElement(o), m=s.getElementsByTagName(o)[0];a.async=1;a.src=g;m.parentNode.insertBefore(a,m) })(window,document,'script','\/\/www.google-analytics.com\/analytics.js','ga'); ga('create', 'UA-62771145-1', 'auto'); ga('send', 'pageview');\n\/\/ ]]><\/script><\/p>\n","protected":false},"excerpt":{"rendered":"<p>La premi\u00e8re enqu\u00eate du projet SOHA vise \u00e0 r\u00e9pondre \u00e0 la question de recherche suivante : quels sont les obstacles \u00e0 l&rsquo;adoption des valeurs, pratiques et outils de la science ouverte dans les universit\u00e9s d&rsquo;Ha\u00efti et d&rsquo;Afrique francophone? Pour y r\u00e9pondre, nous souhaitons recueillir des centaines de r\u00e9ponses \u00e0 une\u2026<\/p>\n<p> <a class=\"continue-reading-link\" href=\"https:\/\/www.projetsoha.org\/?page_id=24\"><span>Lire la suite<\/span><i class=\"crycon-right-dir\"><\/i><\/a> <\/p>\n","protected":false},"author":1,"featured_media":0,"parent":0,"menu_order":0,"comment_status":"open","ping_status":"open","template":"","meta":{"_monsterinsights_skip_tracking":false,"_monsterinsights_sitenote_active":false,"_monsterinsights_sitenote_note":"","_monsterinsights_sitenote_category":0,"footnotes":""},"class_list":["post-24","page","type-page","status-publish","hentry"],"_links":{"self":[{"href":"https:\/\/www.projetsoha.org\/index.php?rest_route=\/wp\/v2\/pages\/24","targetHints":{"allow":["GET"]}}],"collection":[{"href":"https:\/\/www.projetsoha.org\/index.php?rest_route=\/wp\/v2\/pages"}],"about":[{"href":"https:\/\/www.projetsoha.org\/index.php?rest_route=\/wp\/v2\/types\/page"}],"author":[{"embeddable":true,"href":"https:\/\/www.projetsoha.org\/index.php?rest_route=\/wp\/v2\/users\/1"}],"replies":[{"embeddable":true,"href":"https:\/\/www.projetsoha.org\/index.php?rest_route=%2Fwp%2Fv2%2Fcomments&post=24"}],"version-history":[{"count":17,"href":"https:\/\/www.projetsoha.org\/index.php?rest_route=\/wp\/v2\/pages\/24\/revisions"}],"predecessor-version":[{"id":1321,"href":"https:\/\/www.projetsoha.org\/index.php?rest_route=\/wp\/v2\/pages\/24\/revisions\/1321"}],"wp:attachment":[{"href":"https:\/\/www.projetsoha.org\/index.php?rest_route=%2Fwp%2Fv2%2Fmedia&parent=24"}],"curies":[{"name":"wp","href":"https:\/\/api.w.org\/{rel}","templated":true}]}}