{"id":22,"date":"2015-05-07T20:50:57","date_gmt":"2015-05-07T19:50:57","guid":{"rendered":"http:\/\/www.projetsoha.org\/?page_id=22"},"modified":"2017-04-13T03:09:10","modified_gmt":"2017-04-13T02:09:10","slug":"le-cercle-soha","status":"publish","type":"page","link":"https:\/\/www.projetsoha.org\/?page_id=22","title":{"rendered":"L&rsquo;APSOHA"},"content":{"rendered":"<p><a href=\"https:\/\/www.projetsoha.org\/wp-content\/uploads\/2015\/04\/IMG_2621-e1431090380836.jpg\"><img loading=\"lazy\" decoding=\"async\" class=\" wp-image-13 alignleft\" src=\"https:\/\/www.projetsoha.org\/wp-content\/uploads\/2015\/04\/IMG_2621-300x225.jpg\" alt=\"IMG_2621\" width=\"171\" height=\"128\" \/><\/a>Cette page pr\u00e9sente ce que signifie l&rsquo;adh\u00e9sion \u00e0 l&rsquo;APSOHA. Les personnes press\u00e9es peuvent cliquer sur le lien juste en-dessous pour aller directement au formulaire d&rsquo;adh\u00e9sion.<\/p>\n<p><a href=\"https:\/\/docs.google.com\/forms\/d\/e\/1FAIpQLSfFV62YpU0IEMhG8FxjHt2h0bebpdfeKZOyfXK6dkDq9NNc7A\/viewform\" target=\"_blank\">Lien vers le formulaire d&rsquo;adh\u00e9sion \u00e0 L&rsquo;APSOHA, \u00e0 remplir en deux minutes si possible avec une adresse gmail<\/a><\/p>\n<p>L&rsquo;APSOHA est l&rsquo;Association pour la promotion de la science ouverte en Ha\u00efti et en Afrique francophone. En mai 2017, elle prend le relais du Collectif SOHA, le r\u00e9seau social web qui rassemble tous les universitaires d&rsquo;Ha\u00efti et d&rsquo;Afrique francophone qui s&rsquo;int\u00e9ressent \u00e0 la science ouverte et veulent participer activement aux activit\u00e9s du projet SOHA (\u00e9tudiantes et \u00e9tudiants, chercheurs et chercheuses, titulaires de doctorat).<\/p>\n<p>Les membres de l&rsquo;Association pourront :<\/p>\n<ul>\n<li>Participer \u00e0 l&rsquo;analyse collaborative des donn\u00e9es recueillies dans les enqu\u00eates et, au besoin, les utiliser dans leurs travaux de recherche car ces donn\u00e9es seront&#8230; ouvertes!<\/li>\n<li>Contribuer \u00e0 la r\u00e9daction de la feuille de route globale vers la science ouverte en Ha\u00efti et en Afrique francophone<\/li>\n<li>Participer aux ouvrages collectifs qui seront publi\u00e9s en libre acc\u00e8s par les <a href=\"http:\/\/editionscienceetbiencommun.org\" target=\"_blank\">\u00c9ditions science et bien commun<\/a><\/li>\n<li>Soumettre sans frais des manuscrits ou des concepts d&rsquo;ouvrage collectif \u00e0 cette maison d&rsquo;\u00e9dition<\/li>\n<li>Publier des billets de blog sur ce site<\/li>\n<li>Recevoir de l&rsquo;aide pour pr\u00e9parer des articles scientifiques<\/li>\n<li>Participer sans frais \u00e0 un cours \u00e0 distance sur l&rsquo;\u00e9laboration et la r\u00e9daction d&rsquo;un projet de recherche (en 2016), avec attestation.<\/li>\n<li>Suivre des formations pratiques sur des logiciels libres (selon les occasions), avec attestation.<\/li>\n<li>Participer \u00e0 des actions locales orient\u00e9es vers la cr\u00e9ation de boutiques de sciences et de d\u00e9p\u00f4ts institutionnels dans les universit\u00e9s<\/li>\n<li>Proposer d&rsquo;autres projets visant \u00e0 faire l&rsquo;exp\u00e9rience de la science ouverte.<\/li>\n<\/ul>\n<p>Les membres de l&rsquo;Association sont invit\u00e9s \u00e0 :<\/p>\n<ul>\n<li>Diffuser l&rsquo;information sur le projet SOHA<\/li>\n<li>Essayer d&rsquo;adopter des pratiques de science ouverte dans leurs travaux de recherche<\/li>\n<li>Proposer des projets ancr\u00e9s dans leur milieu de vie<\/li>\n<\/ul>\n<p><strong>Que faire pour devenir membre?<\/strong><\/p>\n<h3><a href=\"https:\/\/docs.google.com\/forms\/d\/e\/1FAIpQLSfFV62YpU0IEMhG8FxjHt2h0bebpdfeKZOyfXK6dkDq9NNc7A\/viewform\" target=\"_blank\">\u00c0 l&rsquo;aide, si possible, d&rsquo;une adresse gmail, remplir le formulaire d&rsquo;adh\u00e9sion ci-dessous. Vous serez alors sur la liste d&rsquo;envoi de l&rsquo;APSOHA.<\/a><\/h3>\n<p>Vous pouvez vous retirer de l&rsquo;APSOHA en tout temps, en \u00e9crivant \u00e0 equipe@projetsoha.org avec le mot \u00abRetrait\u00bb dans l&rsquo;objet du message.<\/p>\n<p>Rappel : Le <a href=\"https:\/\/www.facebook.com\/groups\/1398875467085123\/\" target=\"_blank\">groupe Facebook de l&rsquo;APSOHA<\/a> rassemble plusieurs centaines de personnes qui s&rsquo;int\u00e9ressent \u00e0 la science ouverte en Ha\u00efti et en Afrique francophone et qui \u00e9changent id\u00e9es et informations.<\/p>\n<p><iframe loading=\"lazy\" src=\"https:\/\/docs.google.com\/forms\/d\/e\/1FAIpQLSfFV62YpU0IEMhG8FxjHt2h0bebpdfeKZOyfXK6dkDq9NNc7A\/viewform?embedded=true\" width=\"760\" height=\"500\" frameborder=\"0\" marginwidth=\"0\" marginheight=\"0\">Chargement en cours&#8230;<\/iframe><\/p>\n<p><script>\/\/ <![CDATA[ (function(i,s,o,g,r,a,m){i['GoogleAnalyticsObject']=r;i[r]=i[r]||function(){ (i[r].q=i[r].q||[]).push(arguments)},i[r].l=1*new Date();a=s.createElement(o), m=s.getElementsByTagName(o)[0];a.async=1;a.src=g;m.parentNode.insertBefore(a,m) })(window,document,'script','\/\/www.google-analytics.com\/analytics.js','ga'); ga('create', 'UA-62771145-1', 'auto'); ga('send', 'pageview'); \/\/ ]]><\/script><\/p>\n","protected":false},"excerpt":{"rendered":"<p>Cette page pr\u00e9sente ce que signifie l&rsquo;adh\u00e9sion \u00e0 l&rsquo;APSOHA. Les personnes press\u00e9es peuvent cliquer sur le lien juste en-dessous pour aller directement au formulaire d&rsquo;adh\u00e9sion. Lien vers le formulaire d&rsquo;adh\u00e9sion \u00e0 L&rsquo;APSOHA, \u00e0 remplir en deux minutes si possible avec une adresse gmail L&rsquo;APSOHA est l&rsquo;Association pour la promotion de\u2026<\/p>\n<p> <a class=\"continue-reading-link\" href=\"https:\/\/www.projetsoha.org\/?page_id=22\"><span>Lire la suite<\/span><i class=\"crycon-right-dir\"><\/i><\/a> <\/p>\n","protected":false},"author":4,"featured_media":0,"parent":0,"menu_order":0,"comment_status":"closed","ping_status":"closed","template":"","meta":{"_monsterinsights_skip_tracking":false,"_monsterinsights_sitenote_active":false,"_monsterinsights_sitenote_note":"","_monsterinsights_sitenote_category":0,"footnotes":""},"class_list":["post-22","page","type-page","status-publish","hentry"],"_links":{"self":[{"href":"https:\/\/www.projetsoha.org\/index.php?rest_route=\/wp\/v2\/pages\/22","targetHints":{"allow":["GET"]}}],"collection":[{"href":"https:\/\/www.projetsoha.org\/index.php?rest_route=\/wp\/v2\/pages"}],"about":[{"href":"https:\/\/www.projetsoha.org\/index.php?rest_route=\/wp\/v2\/types\/page"}],"author":[{"embeddable":true,"href":"https:\/\/www.projetsoha.org\/index.php?rest_route=\/wp\/v2\/users\/4"}],"replies":[{"embeddable":true,"href":"https:\/\/www.projetsoha.org\/index.php?rest_route=%2Fwp%2Fv2%2Fcomments&post=22"}],"version-history":[{"count":40,"href":"https:\/\/www.projetsoha.org\/index.php?rest_route=\/wp\/v2\/pages\/22\/revisions"}],"predecessor-version":[{"id":1710,"href":"https:\/\/www.projetsoha.org\/index.php?rest_route=\/wp\/v2\/pages\/22\/revisions\/1710"}],"wp:attachment":[{"href":"https:\/\/www.projetsoha.org\/index.php?rest_route=%2Fwp%2Fv2%2Fmedia&parent=22"}],"curies":[{"name":"wp","href":"https:\/\/api.w.org\/{rel}","templated":true}]}}