{"id":1790,"date":"2017-07-11T18:48:16","date_gmt":"2017-07-11T17:48:16","guid":{"rendered":"http:\/\/www.projetsoha.org\/?page_id=1790"},"modified":"2017-07-11T18:50:44","modified_gmt":"2017-07-11T17:50:44","slug":"rejbecss-naissance-et-mandat","status":"publish","type":"page","link":"https:\/\/www.projetsoha.org\/?page_id=1790","title":{"rendered":"REJEBECSS : Naissance et mandat"},"content":{"rendered":"<h2><a href=\"https:\/\/www.projetsoha.org\/wp-content\/uploads\/2016\/05\/logo-REJEBECSS.jpg\"><img loading=\"lazy\" decoding=\"async\" class=\"alignright  wp-image-1225\" src=\"https:\/\/www.projetsoha.org\/wp-content\/uploads\/2016\/05\/logo-REJEBECSS.jpg\" alt=\"\" width=\"412\" height=\"396\" \/><\/a><\/h2>\n<h2>Constats :<\/h2>\n<p>Le REJEBECSS-Ha\u00efti est n\u00e9 \u00e0 Port-au-Prince en mars 2016 \u00e0 la suite des constats suivants :<\/p>\n<p>\u2022 Pour les jeunes universitaires ha\u00eftiens, l\u2019acc\u00e8s aux ressources scientifiques est de plus en plus difficile ;<\/p>\n<p>\u2022 Les jeunes universitaires sont tr\u00e8s sous-outill\u00e9s pour utiliser une biblioth\u00e8que num\u00e9rique et d\u2019autres logiciels et\/ou programmes destin\u00e9s aux universitaires (chercheurs)<\/p>\n<p>\u2022 La recherche scientifique est \u00e9clips\u00e9e dans les universit\u00e9s d\u2019Ha\u00efti et est tr\u00e8s peu encourag\u00e9e par l\u2019\u00c9tat <a href=\"https:\/\/www.projetsoha.org\/wp-content\/uploads\/2016\/05\/e\u0301tudiants-hai\u0308tiens-du-REJEBBS.jpg\"><img loading=\"lazy\" decoding=\"async\" class=\"wp-image-1222 alignright\" src=\"https:\/\/www.projetsoha.org\/wp-content\/uploads\/2016\/05\/e\u0301tudiants-hai\u0308tiens-du-REJEBBS.jpg\" alt=\"e\u0301tudiants hai\u0308tiens du REJEBBS\" width=\"455\" height=\"256\" srcset=\"https:\/\/www.projetsoha.org\/wp-content\/uploads\/2016\/05\/e\u0301tudiants-hai\u0308tiens-du-REJEBBS.jpg 1280w, https:\/\/www.projetsoha.org\/wp-content\/uploads\/2016\/05\/e\u0301tudiants-hai\u0308tiens-du-REJEBBS-300x169.jpg 300w, https:\/\/www.projetsoha.org\/wp-content\/uploads\/2016\/05\/e\u0301tudiants-hai\u0308tiens-du-REJEBBS-768x432.jpg 768w, https:\/\/www.projetsoha.org\/wp-content\/uploads\/2016\/05\/e\u0301tudiants-hai\u0308tiens-du-REJEBBS-1024x576.jpg 1024w, https:\/\/www.projetsoha.org\/wp-content\/uploads\/2016\/05\/e\u0301tudiants-hai\u0308tiens-du-REJEBBS-250x141.jpg 250w, https:\/\/www.projetsoha.org\/wp-content\/uploads\/2016\/05\/e\u0301tudiants-hai\u0308tiens-du-REJEBBS-150x84.jpg 150w\" sizes=\"auto, (max-width: 455px) 100vw, 455px\" \/><\/a>;<\/p>\n<p>\u2022 Ha\u00efti n\u2019est dot\u00e9e que de tr\u00e8s peu de revues scientifiques ;<\/p>\n<p>\u2022 Les savoirs non-scientifiques d\u2019Ha\u00efti sont marginalis\u00e9s ;<\/p>\n<p>\u2022 La possibilit\u00e9 pour les chercheurs ha\u00eftiens de diffuser leurs travaux de recherche est minime ;<\/p>\n<p>\u2022 Le cr\u00e9ole, la langue maternelle des ha\u00eftiens, est rejet\u00e9 et est d\u2019ailleurs consid\u00e9r\u00e9 par certains comme une langue incompatible avec la science ;<\/p>\n<p>\u2022 La dichotomie existant entre la science et la soci\u00e9t\u00e9 civile en Ha\u00efti est patente.<\/p>\n<h2>Objectifs<\/h2>\n<p>Fort de ces constats, les jeunes universitaires que regroupe le REJEBECSS-Ha\u00efti s\u2019engagent \u00e0 :<\/p>\n<p>\u2022 \u0152uvrer \u00e0 la p\u00e9rennisation des Classiques des Sciences Sociales ;<\/p>\n<p>\u2022 \u0152uvrer \u00e0 faire des universit\u00e9s d\u2019Ha\u00efti des lieux de r\u00e9f\u00e9rence en mati\u00e8re de recherche-action ;<\/p>\n<p>\u2022 \u0152uvrer \u00e0 porter l\u2019Etat ha\u00eftien \u00e0 encourager, de mani\u00e8re pratique, la recherche dans les universit\u00e9s d\u2019Ha\u00efti ;<\/p>\n<p>\u2022 Mobiliser et Sensibiliser les chercheurs ha\u00eftiens \u00e0 diffuser leurs \u0153uvres en libre acc\u00e8s ;<\/p>\n<p>\u2022 Diffuser en libre acc\u00e8s le patrimoine culturel et intellectuel d\u2019Ha\u00efti ;<\/p>\n<p>\u2022 Outiller (th\u00e9oriquement) les universitaires ha\u00eftiens sur l\u2019utilisation des logiciels destin\u00e9s aux chercheurs ;<\/p>\n<p>\u2022 Encourager les universitaires ha\u00eftiens aux activit\u00e9s de recherche ;<\/p>\n<p>\u2022 Valoriser les savoirs locaux<\/p>\n<h2>Moyens d\u2019action<\/h2>\n<p>En vue de l\u2019atteinte de ses objectifs, le REJEBECSS envisage des activit\u00e9s comme :<\/p>\n<p>\u2022 Conf\u00e9rences ;<\/p>\n<p>\u2022 Colloques ;<\/p>\n<p>\u2022 D\u00e9bats ;<\/p>\n<p>\u2022 S\u00e9ances de formation ;<\/p>\n<p>\u2022 Ateliers de travail ;<\/p>\n<p>\u2022 Publications d\u2019ouvrages, d\u2019articles, de billets de blog ;<\/p>\n<p>\u2022 R\u00e9daction de lettres ouvertes ;<\/p>\n<p>\u2022 Interventions dans les m\u00e9dias<\/p>\n","protected":false},"excerpt":{"rendered":"<p>Constats : Le REJEBECSS-Ha\u00efti est n\u00e9 \u00e0 Port-au-Prince en mars 2016 \u00e0 la suite des constats suivants : \u2022 Pour les jeunes universitaires ha\u00eftiens, l\u2019acc\u00e8s aux ressources scientifiques est de plus en plus difficile ; \u2022 Les jeunes universitaires sont tr\u00e8s sous-outill\u00e9s pour utiliser une biblioth\u00e8que num\u00e9rique et d\u2019autres logiciels\u2026<\/p>\n<p> <a class=\"continue-reading-link\" href=\"https:\/\/www.projetsoha.org\/?page_id=1790\"><span>Lire la suite<\/span><i class=\"crycon-right-dir\"><\/i><\/a> <\/p>\n","protected":false},"author":4,"featured_media":0,"parent":0,"menu_order":0,"comment_status":"closed","ping_status":"closed","template":"","meta":{"_monsterinsights_skip_tracking":false,"_monsterinsights_sitenote_active":false,"_monsterinsights_sitenote_note":"","_monsterinsights_sitenote_category":0,"footnotes":""},"class_list":["post-1790","page","type-page","status-publish","hentry"],"_links":{"self":[{"href":"https:\/\/www.projetsoha.org\/index.php?rest_route=\/wp\/v2\/pages\/1790","targetHints":{"allow":["GET"]}}],"collection":[{"href":"https:\/\/www.projetsoha.org\/index.php?rest_route=\/wp\/v2\/pages"}],"about":[{"href":"https:\/\/www.projetsoha.org\/index.php?rest_route=\/wp\/v2\/types\/page"}],"author":[{"embeddable":true,"href":"https:\/\/www.projetsoha.org\/index.php?rest_route=\/wp\/v2\/users\/4"}],"replies":[{"embeddable":true,"href":"https:\/\/www.projetsoha.org\/index.php?rest_route=%2Fwp%2Fv2%2Fcomments&post=1790"}],"version-history":[{"count":3,"href":"https:\/\/www.projetsoha.org\/index.php?rest_route=\/wp\/v2\/pages\/1790\/revisions"}],"predecessor-version":[{"id":1795,"href":"https:\/\/www.projetsoha.org\/index.php?rest_route=\/wp\/v2\/pages\/1790\/revisions\/1795"}],"wp:attachment":[{"href":"https:\/\/www.projetsoha.org\/index.php?rest_route=%2Fwp%2Fv2%2Fmedia&parent=1790"}],"curies":[{"name":"wp","href":"https:\/\/api.w.org\/{rel}","templated":true}]}}