{"id":1616,"date":"2017-03-09T04:56:01","date_gmt":"2017-03-09T03:56:01","guid":{"rendered":"http:\/\/www.projetsoha.org\/?page_id=1616"},"modified":"2017-03-09T21:55:43","modified_gmt":"2017-03-09T20:55:43","slug":"association-pour-la-promotion-de-la-science-ouverte-en-haiti-et-en-afrique-francophone-apsoha","status":"publish","type":"page","link":"https:\/\/www.projetsoha.org\/?page_id=1616","title":{"rendered":"Association pour la promotion de la science ouverte en Ha\u00efti et en Afrique (APSOHA)"},"content":{"rendered":"<p>Le projet SOHA est termin\u00e9, vive l&rsquo;APSOHA!<\/p>\n<h1><strong>Contexte<\/strong><\/h1>\n<p>Le projet SOHA \u00e9tait un projet de recherche-action de deux ans financ\u00e9 par le r\u00e9seau OCSDnet en 2015-2017 \u00e0 l&rsquo;aide de fonds du CRDI. Il a donn\u00e9 naissance \u00e0 une exceptionnelle <a href=\"https:\/\/www.projetsoha.org\/wp-content\/uploads\/2017\/03\/Possibles40e_Piron.pdf\" target=\"_blank\">utopie concr\u00e8te panafricaine, incluant Ha\u00efti<\/a>. Pour continuer cet \u00e9lan, plusieurs membres du Collectif SOHA ont d\u00e9cid\u00e9 de cr\u00e9er une association \u00e0 but non lucratif qui reprendra le flambeau du projet SOHA : poursuivre les activit\u00e9s Facebook, les ateliers, les projets de publication et de formation, etc., mais aussi faire des demandes de subvention et continuer de soutenir tous ceux et celles qui, loin de renoncer \u00e0 la science, veulent la transformer et l&rsquo;ouvrir pour la mettre au service du d\u00e9veloppement local durable de leur ville, de leur r\u00e9gion, de leur pays.<\/p>\n<h1><strong>L&rsquo;APSOHA<\/strong><\/h1>\n<p>L\u2019Association pour la promotion de la science ouverte en Ha\u00efti et en Afrique (APSOHA) a \u00e9t\u00e9 cr\u00e9\u00e9e et enregistr\u00e9e au Cameroun le 30 septembre 2016, sous le num\u00e9ro 051\/RDA\/J12\/SAAJP.\u00a0 Elle a toutefois une vis\u00e9e internationale reconnue et admise.<\/p>\n<p>Sa mission principale est le d\u00e9veloppement de l\u2019Afrique et d\u2019Ha\u00efti par les \u00ab\u00a0biens communs\u00a0\u00bb. De fa\u00e7on sp\u00e9cifique, il s\u2019agira :<\/p>\n<ul>\n<li>d\u2019\u0153uvrer pour la d\u00e9mocratisation du num\u00e9rique;<\/li>\n<li>de promouvoir les sciences citoyennes;<\/li>\n<li>d\u2019encourager l\u2019adoption des ressources \u00e9ducatives libres;<\/li>\n<li>d\u2019accompagner les universit\u00e9s vers l\u2019adoption des pratiques et des politiques scientifiques ouvertes;<\/li>\n<li>de lutter contre les injustices cognitives.<\/li>\n<\/ul>\n<p>L&rsquo;APSOHA est ouverte \u00e0 tous les universitaires, hommes et femmes, \u00e9tudiants ou enseignants, qui partagent les valeurs de la science ouverte juste et souhaitent en adopter les pratiques, mais aussi aux organisations de la soci\u00e9t\u00e9 civile et aux citoyens et citoyennes d&rsquo;Ha\u00efti et d&rsquo;Afrique qui souhaitent coop\u00e9rer davantage avec les universit\u00e9s de leur pays dans l&rsquo;int\u00e9r\u00eat g\u00e9n\u00e9ral.<\/p>\n<h1><b>Port\u00e9e de l&rsquo;APSOHA<\/b><\/h1>\n<p>L&rsquo;APSOHA a une vocation \u00e0 la fois internationale et locale, comme c&rsquo;\u00e9tait le cas pour le projet SOHA. Sa structure vise \u00e0 refl\u00e9ter ces deux niveaux d&rsquo;actions.<\/p>\n<p>Elle sera dot\u00e9e d&rsquo;un <strong>comit\u00e9 international<\/strong> compos\u00e9 d&rsquo;une s\u00e9rie de vice-pr\u00e9sidents et vice-pr\u00e9sidentes repr\u00e9sentant les diff\u00e9rentes r\u00e9gions du monde o\u00f9 vivent les membres de l&rsquo;APSOHA ou qui offrent des activit\u00e9s de science ouverte qui pourraient b\u00e9n\u00e9ficier aux membres. Dans le cas des grandes sous-r\u00e9gions de l&rsquo;Afrique francophone (centrale et de l&rsquo;ouest) qui sont historiquement \u00e0 l&rsquo;origine du mouvement SOHA, les vice-pr\u00e9sidents et vice-pr\u00e9sidentes pourront \u00eatre quatre, dont au moins une femme, et id\u00e9alement deux femmes, deux hommes repr\u00e9sentant des pays diff\u00e9rents. L&rsquo;APSOHA souhaitant s&rsquo;ouvrir davantage au reste de l&rsquo;Afrique et de la r\u00e9gion cara\u00efbe, plusieurs postes de vice-pr\u00e9sidence leur sont offerts. Dans les autres r\u00e9gions du monde, une seule personne sera nomm\u00e9e.<\/p>\n<ul>\n<li>Ha\u00efti et cara\u00efbe (trois personnes)<\/li>\n<li>Afrique centrale et des grands lacs (quatre personnes)<\/li>\n<li>Afrique de l&rsquo;Ouest (quatre personnes)<\/li>\n<li>Afrique de l\u2019Est (deux personnes)<\/li>\n<li>Afrique australe (deux personnes)<\/li>\n<li>Afrique du Nord (deux personnes)<\/li>\n<li>Am\u00e9rique Latine (une personne)<\/li>\n<li>Am\u00e9rique du Nord (une personne)<\/li>\n<li>Oc\u00e9anie &#8211; Asie (une personne)<\/li>\n<li>Europe (une personne)<\/li>\n<\/ul>\n<p>Chaque vice-pr\u00e9sident ou vice-pr\u00e9sidente peut organiser une \u00e9quipe locale qui coordonnera les activit\u00e9s. Tous ensemble, ils seront appel\u00e9s \u00e0 d\u00e9battre des principales orientations de l&rsquo;APSOHA et \u00e0 prendre les d\u00e9cisions majeures qui la concernent.<\/p>\n<p>Au sein de ce comit\u00e9 international, un <strong>bureau ex\u00e9cutif<\/strong> de six personnes sera \u00e9lu par le comit\u00e9 international form\u00e9 des vice-pr\u00e9sidents et vice-pr\u00e9sidentes. Ce bureau comporte les postes de pr\u00e9sidence, vice-pr\u00e9sidence, tr\u00e9sorerie (deux personnes) et secr\u00e9tariat (deux personnes) de l&rsquo;APSOHA. Il s&rsquo;occupera du bon fonctionnement global de l&rsquo;APSOHA et fera les demandes de financement.<\/p>\n<h1><b>Membres fondateurs du bureau ex\u00e9cutif provisoire<br \/>\n<\/b><\/h1>\n<p>En cette p\u00e9riode de fondation, le bureau ex\u00e9cutif est constitu\u00e9 des membres fondateurs :<\/p>\n<ul>\n<li><strong>Thomas Herv\u00e9 Mboa Nkoudou<\/strong><\/li>\n<li><strong>Kedma Joseph<\/strong><\/li>\n<li><strong>Judica\u00ebl Alladatin<\/strong><\/li>\n<li><strong>Djoss\u00e8 Rom\u00e9o Tessy<\/strong><\/li>\n<li><strong>Marie Sophie Dibounje Madiba<\/strong><\/li>\n<li><strong>Hamissou Rhissa<\/strong><\/li>\n<li><strong>Ponce Fouejeu<\/strong><\/li>\n<li><strong>Florence Piron<\/strong><\/li>\n<\/ul>\n<h1><b>Adh\u00e9sion<br \/>\n<\/b><\/h1>\n<p>L&rsquo;adh\u00e9sion est gratuite et sans conditions, ouverte aux personnes de toutes les nationalit\u00e9s. Il suffit de remplir<a href=\"https:\/\/docs.google.com\/forms\/d\/e\/1FAIpQLSfFV62YpU0IEMhG8FxjHt2h0bebpdfeKZOyfXK6dkDq9NNc7A\/viewform\" target=\"_blank\"> ce formulaire d&rsquo;adh\u00e9sion (cliquer).<\/a><\/p>\n<p>Une invitation sera envoy\u00e9e par mail au 1200 personnes qui se sont inscrites officiellement au Collectif SOHA depuis mai 2015, leur demandant si elles acceptent de transf\u00e9rer cette adh\u00e9sion vers l&rsquo;APSOHA.<\/p>\n<p>Tous les membres des groupes Facebook SOHA seront invit\u00e9s \u00e0 <a href=\"https:\/\/docs.google.com\/forms\/d\/e\/1FAIpQLSfFV62YpU0IEMhG8FxjHt2h0bebpdfeKZOyfXK6dkDq9NNc7A\/viewform\" target=\"_blank\">adh\u00e9rer \u00e0 l&rsquo;APSOHA. <\/a><\/p>\n<p>Les personnes qui d\u00e9sirent s&rsquo;impliquer davantage soit dans une \u00e9quipe r\u00e9gionale, soit comme vice-pr\u00e9sident ou vice-pr\u00e9sidente, sont invit\u00e9es \u00e0 envoyer un message \u00e0 <a href=\"mailto:equipe@projetsoha.org\">equipe@projetsoha.org<\/a>.<\/p>\n<p>Une nouvelle aventure commence!<\/p>\n","protected":false},"excerpt":{"rendered":"<p>Le projet SOHA est termin\u00e9, vive l&rsquo;APSOHA! Contexte Le projet SOHA \u00e9tait un projet de recherche-action de deux ans financ\u00e9 par le r\u00e9seau OCSDnet en 2015-2017 \u00e0 l&rsquo;aide de fonds du CRDI. Il a donn\u00e9 naissance \u00e0 une exceptionnelle utopie concr\u00e8te panafricaine, incluant Ha\u00efti. Pour continuer cet \u00e9lan, plusieurs membres\u2026<\/p>\n<p> <a class=\"continue-reading-link\" href=\"https:\/\/www.projetsoha.org\/?page_id=1616\"><span>Lire la suite<\/span><i class=\"crycon-right-dir\"><\/i><\/a> <\/p>\n","protected":false},"author":4,"featured_media":0,"parent":0,"menu_order":0,"comment_status":"closed","ping_status":"closed","template":"","meta":{"_monsterinsights_skip_tracking":false,"_monsterinsights_sitenote_active":false,"_monsterinsights_sitenote_note":"","_monsterinsights_sitenote_category":0,"footnotes":""},"class_list":["post-1616","page","type-page","status-publish","hentry"],"_links":{"self":[{"href":"https:\/\/www.projetsoha.org\/index.php?rest_route=\/wp\/v2\/pages\/1616","targetHints":{"allow":["GET"]}}],"collection":[{"href":"https:\/\/www.projetsoha.org\/index.php?rest_route=\/wp\/v2\/pages"}],"about":[{"href":"https:\/\/www.projetsoha.org\/index.php?rest_route=\/wp\/v2\/types\/page"}],"author":[{"embeddable":true,"href":"https:\/\/www.projetsoha.org\/index.php?rest_route=\/wp\/v2\/users\/4"}],"replies":[{"embeddable":true,"href":"https:\/\/www.projetsoha.org\/index.php?rest_route=%2Fwp%2Fv2%2Fcomments&post=1616"}],"version-history":[{"count":10,"href":"https:\/\/www.projetsoha.org\/index.php?rest_route=\/wp\/v2\/pages\/1616\/revisions"}],"predecessor-version":[{"id":1635,"href":"https:\/\/www.projetsoha.org\/index.php?rest_route=\/wp\/v2\/pages\/1616\/revisions\/1635"}],"wp:attachment":[{"href":"https:\/\/www.projetsoha.org\/index.php?rest_route=%2Fwp%2Fv2%2Fmedia&parent=1616"}],"curies":[{"name":"wp","href":"https:\/\/api.w.org\/{rel}","templated":true}]}}