{"id":1596,"date":"2017-03-07T01:47:14","date_gmt":"2017-03-07T00:47:14","guid":{"rendered":"http:\/\/www.projetsoha.org\/?page_id=1596"},"modified":"2017-05-07T14:08:54","modified_gmt":"2017-05-07T13:08:54","slug":"concours-soha-2017","status":"publish","type":"page","link":"https:\/\/www.projetsoha.org\/?page_id=1596","title":{"rendered":"Concours SOHA 2017"},"content":{"rendered":"<h1>Contexte<\/h1>\n<p>Gr\u00e2ce \u00e0 la g\u00e9n\u00e9reuse contribution de deux donateurs anonymes de l&rsquo;Universit\u00e9 Laval, huit prix de 200 $ CAD (140 euros ou 90 000 CFA) chacun ont \u00e9t\u00e9 offerts au projet SOHA pour appuyer des \u00e9tudiants ou des \u00e9tudiantes membres du Collectif SOHA, actuellement inscrits dans une universit\u00e9 ha\u00eftienne ou africaine, et qui sont pr\u00eats \u00e0 s&rsquo;engager dans la pratique de la science ouverte juste et \u00e0 d\u00e9fendre ses valeurs. Les \u00e9tudiants et \u00e9tudiantes d&rsquo;Afrique ou d&rsquo;Ha\u00efti inscrits dans une universit\u00e9 du Nord ne sont pas admissibles.<\/p>\n<p>Pour attribuer ces prix, un jury a \u00e9t\u00e9 constitu\u00e9. Il est compos\u00e9 de :<\/p>\n<ul>\n<li>Abdoulaye Anne, professeur de sciences de l&rsquo;\u00e9ducation \u00e0 l&rsquo;Universit\u00e9 Laval (originaire du S\u00e9n\u00e9gal)<\/li>\n<li>Henri Assogba, professeur de journalisme \u00e0 l&rsquo;Universit\u00e9 Laval (originaire du B\u00e9nin)<\/li>\n<li>Labico Diallo, m\u00e9decin \u00e9pid\u00e9miologiste \u00e0 Qu\u00e9bec (originaire de Guin\u00e9e)<\/li>\n<li>Zo\u00e9 Aubierge Ouangr\u00e9, enseignante en sciences de l&rsquo;information et de la communication \u00e0 l&rsquo;Universit\u00e9 de Koudougou (Burkina Faso)<\/li>\n<li>Florence Piron, professeure d&rsquo;\u00e9thique \u00e0 l&rsquo;Universit\u00e9 Laval (sauf pour le concours 1).<\/li>\n<\/ul>\n<h1>Concours<\/h1>\n<p>Les huit prix en concours sont les suivants :<\/p>\n<ol>\n<li>Meilleur compte rendu du livre<i> Justice cognitive, libre acc\u00e8s et savoirs locaux. Pour une science ouverte juste, au service du d\u00e9veloppement local durable<\/i>, disponible en <a href=\"http:\/\/www.editionscienceetbiencommun.org\/?p=359\" target=\"_blank\" rel=\"noopener noreferrer\">libre acc\u00e8s et en PDF.<\/a> Ce compte rendu gagnant sera int\u00e9gr\u00e9 dans la version en ligne du livre en tant que postface.<\/li>\n<li>Meilleure synth\u00e8se des discussions et des textes partag\u00e9s dans le groupe Facebook <a href=\"https:\/\/www.facebook.com\/groups\/collectifsoha\/\" target=\"_blank\" rel=\"noopener noreferrer\">R\u00e9seau science ouverte en Ha\u00efti et en Afrique francophone<\/a> \u00e0 propos des innovations et innovateurs africains et ha\u00eftiens. Cette synth\u00e8se doit citer au moins 10 textes partag\u00e9s dans le groupe.<\/li>\n<li>Meilleure synth\u00e8se des discussions et des textes partag\u00e9s dans le <a href=\"https:\/\/www.facebook.com\/groups\/470899873094626\/\" target=\"_blank\" rel=\"noopener noreferrer\">groupe SOHA d&rsquo;initiation \u00e0 la recherche Cr\u00e9ation MOOC SOHA<\/a>. Cette synth\u00e8se doit citer au moins 10 textes partag\u00e9s dans le groupe.<\/li>\n<li>Meilleure synth\u00e8se des discussions et des textes partag\u00e9s dans le <a href=\"https:\/\/www.facebook.com\/groups\/1160726927322919\" target=\"_blank\" rel=\"noopener noreferrer\">groupe SOHA des sociologues et des philosophes<\/a>. Cette synth\u00e8se doit citer au moins 10 textes partag\u00e9s dans le groupe.<\/li>\n<li>Meilleure synth\u00e8se des discussions et des textes partag\u00e9s dans le <a href=\"https:\/\/www.facebook.com\/groups\/840520232738043\/\">groupe SOHA des sciences de l&rsquo;environnement<\/a>.\u00a0Cette synth\u00e8se doit citer au moins 10 textes partag\u00e9s dans le groupe.<\/li>\n<li>Meilleure synth\u00e8se des discussions et des textes partag\u00e9s dans le <a href=\"https:\/\/www.facebook.com\/groups\/1746020448961276\/\" target=\"_blank\" rel=\"noopener noreferrer\">groupe SOHA des sciences de la sant\u00e9<\/a>. Cette synth\u00e8se doit citer au moins 10 textes partag\u00e9s dans le groupe.<\/li>\n<li>Meilleure synth\u00e8se des discussions et des textes partag\u00e9s dans le groupe <a href=\"https:\/\/www.facebook.com\/groups\/613737708779988\" target=\"_blank\" rel=\"noopener noreferrer\">SOHA des sciences de l&rsquo;\u00e9ducation<\/a> et dans celui sur la <a href=\"https:\/\/www.facebook.com\/groups\/1552062135089622\" target=\"_blank\" rel=\"noopener noreferrer\">p\u00e9dagogie universitaire<\/a>. Cette synth\u00e8se doit citer au moins 10 textes partag\u00e9s dans les deux groupes.<\/li>\n<li>Meilleure synth\u00e8se des discussions et des textes partag\u00e9s dans le <a href=\"https:\/\/www.facebook.com\/groups\/1580113888983413\/\" target=\"_blank\" rel=\"noopener noreferrer\">groupe SOHA sur les sciences de l&rsquo;information et de la documentation<\/a>. Cette synth\u00e8se doit citer au moins 10 textes partag\u00e9s dans le groupe.<\/li>\n<\/ol>\n<p>Toutes les synth\u00e8ses prim\u00e9es seront publi\u00e9es sur le blog SOHA et\/ou dans un livre. Les textes arriv\u00e9s en deuxi\u00e8me ou troisi\u00e8me place pourront aussi \u00eatre publi\u00e9s. Nous n\u00e9gocions aussi avec un autre donateur pour que des prix soient attribu\u00e9s \u00e0 ces textes en deuxi\u00e8me ou troisi\u00e8me position.<\/p>\n<p>Chaque prix sera attribu\u00e9 par un mini-jury de deux personnes constitu\u00e9es au sein du jury. En cas de d\u00e9saccord, un troisi\u00e8me membre du jury sera convoqu\u00e9. Malgr\u00e9 cela, il est possible que deux textes soient r\u00e9compens\u00e9s au lieu d&rsquo;un seul. Dans ce cas, les deux gagnants partageront le prix.<\/p>\n<p>L&rsquo;\u00e9valuation par le jury se fera sur des textes anonymes.<\/p>\n<h1>Crit\u00e8res<\/h1>\n<p>Chaque texte devra \u00eatre r\u00e9dig\u00e9 par un duo compos\u00e9 d&rsquo;un homme et d&rsquo;une femme. C&rsquo;est notre fa\u00e7on d&rsquo;encourager les femmes \u00e0 s&rsquo;impliquer davantage dans le mouvement de la science ouverte o\u00f9 elles restent minoritaires et de mettre en lumi\u00e8re la dimension collaborative de la science ouverte juste, m\u00eame dans le cadre d&rsquo;un concours.<\/p>\n<p>Le texte doit faire au minimum 2000 mots. Les articles retenus pour la synth\u00e8se doivent \u00eatre substantiels (pas de nouvelles br\u00e8ves) et figurer dans une bibliographie compl\u00e8te, si possible faite \u00e0 l&rsquo;aide du <a href=\"http:\/\/zotero.org\" target=\"_blank\" rel=\"noopener noreferrer\">logiciel Zotero<\/a>.<\/p>\n<p>L&rsquo;angle de la synth\u00e8se est laiss\u00e9 au choix des duo d&rsquo;auteurs, mais <strong>le texte doit faire des liens clairs avec les concepts centraux du projet SOHA<\/strong>, \u00e0 savoir la justice cognitive, l&rsquo;<em>empowerment<\/em> et la science ouverte (libre acc\u00e8s, rapprochement science-soci\u00e9t\u00e9), tels que pr\u00e9sent\u00e9s dans les premiers chapitres du livre <a href=\"http:\/\/www.editionscienceetbiencommun.org\/?p=359\" target=\"_blank\" rel=\"noopener noreferrer\"><em>Justice cognitive, libre acc\u00e8s et savoirs locaux<\/em><\/a><em>.<\/em><\/p>\n<p>Au nom de la justice cognitive, il est important que l&rsquo;ensemble des articles comment\u00e9s dans les synth\u00e8ses comporte des textes d&rsquo;auteurs du Nord et des Suds, d&rsquo;hommes et de femmes.<\/p>\n<p>Le texte ne doit pas comporter de jargon ou \u00eatre \u00e9crit dans un style herm\u00e9tique. Il doit \u00eatre accessible et vivant.<\/p>\n<p>Il est acceptable de faire v\u00e9rifier la qualit\u00e9 du fran\u00e7ais par une tierce personne.<\/p>\n<h1>Pr\u00e9sentation du texte<\/h1>\n<p><strong>Le fichier comportant le texte propos\u00e9 doit \u00eatre ANONYME. Les noms du duo d&rsquo;auteurs ne doivent figurer que dans le message mail<\/strong> envoy\u00e9 \u00e0 l&rsquo;adresse <a href=\"mailto:equipe@projetsoha.org\">equipe@projetsoha.org<\/a>.<\/p>\n<p>Le texte propos\u00e9 doit avoir un titre original et attirant.<\/p>\n<p>Il doit \u00eatre subdivis\u00e9 en sections surmont\u00e9es d&rsquo;un sous-titre.<\/p>\n<h1>\u00c9ch\u00e9ancier<\/h1>\n<p>Lancement des concours : le 10 mars 2017<\/p>\n<p>Date limite de r\u00e9ception des textes \u00e0 l&rsquo;adresse <a href=\"mailto:equipe@projetsoha.org\">equipe@projetsoha.org<\/a> : 31 mai 2017<\/p>\n<p>Annonce des r\u00e9sultats : 30 juin 2017<\/p>\n","protected":false},"excerpt":{"rendered":"<p>Contexte Gr\u00e2ce \u00e0 la g\u00e9n\u00e9reuse contribution de deux donateurs anonymes de l&rsquo;Universit\u00e9 Laval, huit prix de 200 $ CAD (140 euros ou 90 000 CFA) chacun ont \u00e9t\u00e9 offerts au projet SOHA pour appuyer des \u00e9tudiants ou des \u00e9tudiantes membres du Collectif SOHA, actuellement inscrits dans une universit\u00e9 ha\u00eftienne ou\u2026<\/p>\n<p> <a class=\"continue-reading-link\" href=\"https:\/\/www.projetsoha.org\/?page_id=1596\"><span>Lire la suite<\/span><i class=\"crycon-right-dir\"><\/i><\/a> <\/p>\n","protected":false},"author":4,"featured_media":0,"parent":0,"menu_order":0,"comment_status":"closed","ping_status":"closed","template":"","meta":{"_monsterinsights_skip_tracking":false,"_monsterinsights_sitenote_active":false,"_monsterinsights_sitenote_note":"","_monsterinsights_sitenote_category":0,"footnotes":""},"class_list":["post-1596","page","type-page","status-publish","hentry"],"_links":{"self":[{"href":"https:\/\/www.projetsoha.org\/index.php?rest_route=\/wp\/v2\/pages\/1596","targetHints":{"allow":["GET"]}}],"collection":[{"href":"https:\/\/www.projetsoha.org\/index.php?rest_route=\/wp\/v2\/pages"}],"about":[{"href":"https:\/\/www.projetsoha.org\/index.php?rest_route=\/wp\/v2\/types\/page"}],"author":[{"embeddable":true,"href":"https:\/\/www.projetsoha.org\/index.php?rest_route=\/wp\/v2\/users\/4"}],"replies":[{"embeddable":true,"href":"https:\/\/www.projetsoha.org\/index.php?rest_route=%2Fwp%2Fv2%2Fcomments&post=1596"}],"version-history":[{"count":15,"href":"https:\/\/www.projetsoha.org\/index.php?rest_route=\/wp\/v2\/pages\/1596\/revisions"}],"predecessor-version":[{"id":1775,"href":"https:\/\/www.projetsoha.org\/index.php?rest_route=\/wp\/v2\/pages\/1596\/revisions\/1775"}],"wp:attachment":[{"href":"https:\/\/www.projetsoha.org\/index.php?rest_route=%2Fwp%2Fv2%2Fmedia&parent=1596"}],"curies":[{"name":"wp","href":"https:\/\/api.w.org\/{rel}","templated":true}]}}