{"id":1527,"date":"2017-01-25T00:43:04","date_gmt":"2017-01-24T23:43:04","guid":{"rendered":"http:\/\/www.projetsoha.org\/?page_id=1527"},"modified":"2017-03-24T16:15:13","modified_gmt":"2017-03-24T15:15:13","slug":"enquete-sur-les-processus-dempowerment-au-sein-du-projet-soha","status":"publish","type":"page","link":"https:\/\/www.projetsoha.org\/?page_id=1527","title":{"rendered":"Enqu\u00eate \u00e9valuative sur les formes d&#8217;empowerment dans le projet SOHA"},"content":{"rendered":"<p>Une des vis\u00e9es du projet SOHA et de l&rsquo;APSOHA qui prend sa suite est de contribuer au \u00ab d\u00e9veloppement du pouvoir d&rsquo;agir \u00bb (ou empowerment) des \u00e9tudiantes et des \u00e9tudiants d&rsquo;Afrique et d&rsquo;Ha\u00efti qui y participent : ont-ils et ont-elles gagn\u00e9 de nouvelles comp\u00e9tences, de nouvelles connaissances, une plus grande confiance en leur capacit\u00e9 de cr\u00e9er des savoirs? Quelles activit\u00e9s ont g\u00e9n\u00e9r\u00e9 quelle forme d&#8217;empowerment?<\/p>\n<p><strong><a href=\"https:\/\/docs.google.com\/forms\/d\/e\/1FAIpQLSdmd64GjJUJR_ERZEyehhR8xVfn09z10XFpE4zz_CSQyGEurA\/viewform\">Merci de r\u00e9pondre \u00e0 notre questionnaire en ligne en cliquant ici.\u00a0 Le questionnaire est sur Google et il est possible de r\u00e9pondre \u00e0 partir d&rsquo;un smartphone. La dur\u00e9e maximale pour r\u00e9pondre devrait \u00eatre de 25 minutes. Les r\u00e9ponses demandent un peu de r\u00e9flexion. <\/a><\/strong><\/p>\n<p>Vous pouvez aussi, si vous le pr\u00e9f\u00e9rez, \u00e9changer directement avec celle qui pilote le projet, <strong>Sylvie-Marianne Rhugenda<\/strong>, \u00e9tudiante \u00e0 la maitrise en sociologie avec stage \u00e0 l\u2019Universit\u00e9 Laval, originaire de RDC, qui va r\u00e9aliser cette enqu\u00eate \u00e9valuative jusqu&rsquo;en ao\u00fbt 2017. Elle se pr\u00e9sente aux membres du projet SOHA :<\/p>\n<blockquote><p><a href=\"https:\/\/www.projetsoha.org\/wp-content\/uploads\/2017\/01\/Pix_SylvieMarianne.jpg\"><img loading=\"lazy\" decoding=\"async\" class=\" wp-image-1529 alignleft\" src=\"https:\/\/www.projetsoha.org\/wp-content\/uploads\/2017\/01\/Pix_SylvieMarianne.jpg\" alt=\"\" width=\"231\" height=\"130\" srcset=\"https:\/\/www.projetsoha.org\/wp-content\/uploads\/2017\/01\/Pix_SylvieMarianne.jpg 1280w, https:\/\/www.projetsoha.org\/wp-content\/uploads\/2017\/01\/Pix_SylvieMarianne-300x169.jpg 300w, https:\/\/www.projetsoha.org\/wp-content\/uploads\/2017\/01\/Pix_SylvieMarianne-768x432.jpg 768w, https:\/\/www.projetsoha.org\/wp-content\/uploads\/2017\/01\/Pix_SylvieMarianne-1024x576.jpg 1024w, https:\/\/www.projetsoha.org\/wp-content\/uploads\/2017\/01\/Pix_SylvieMarianne-250x141.jpg 250w, https:\/\/www.projetsoha.org\/wp-content\/uploads\/2017\/01\/Pix_SylvieMarianne-150x84.jpg 150w\" sizes=\"auto, (max-width: 231px) 100vw, 231px\" \/><\/a>Bonjour \u00e0 tou-te-s.<\/p>\n<p>Mes int\u00e9r\u00eats de recherche portent sur le terrain de l\u2019Afrique Sub-Saharienne et sur les questions li\u00e9es au d\u00e9veloppement et aux probl\u00e9matiques de genre. C\u2019est donc avec enthousiasme que je participe au projet SOHA dans le cadre de mon stage de recherche.<\/p>\n<p>Je vais tenter de r\u00e9pondre \u00e0 la question de recherche suivante : <strong>quelles formes d\u2019<em>empowerment<\/em> ou ded\u00e9veloppement du pouvoir d\u2019agir ont \u00e9t\u00e9 g\u00e9n\u00e9r\u00e9es chez les \u00e9tudiants et les \u00e9tudiantes d\u2019Ha\u00efti et d\u2019Afrique par les diff\u00e9rentes activit\u00e9s du projet SOHA auxquelles ils et elles ont particip\u00e9 ? <\/strong><\/p>\n<p>Les r\u00e9sultats de la recherche seront divulgu\u00e9s sous plusieurs formes\u00a0:<\/p>\n<ul>\n<li>Un rapport de recherche,<\/li>\n<li>Une communication dans le cadre du congr\u00e8s de l\u2019ACFAS,<\/li>\n<li>La publication d\u2019un chapitre dans le second ouvrage du projet SOHA<\/li>\n<\/ul>\n<p>Dans un premier temps, je m\u2019appuierai sur une revue documentaire du concept d\u2019<em>empowerment<\/em> pour faire une analyse approfondie des activit\u00e9s r\u00e9alis\u00e9es dans le cadre du projet SOHA.<\/p>\n<p>Ensuite, dans le cadre d\u2019entretiens et d&rsquo;un questionnaire en ligne qui sera diffus\u00e9 dans le r\u00e9seau, je compte accorder une place importante au sens que vous, acteurs-trices du projet SOHA, donnez \u00e0 votre exp\u00e9rience et aux activit\u00e9s du projet.<\/p>\n<p>Les questions qui m&rsquo;int\u00e9ressent sont :<\/p>\n<ul>\n<li>Doit-on parler de transformation des individus ou de transformation sociale avec le projet SOHA?<\/li>\n<li>Quels sont les impacts de la multiplicit\u00e9 des parcours de vie et de la diversit\u00e9 des r\u00e9alit\u00e9s sociales sur l\u2019homog\u00e9n\u00e9it\u00e9\/l\u2019h\u00e9t\u00e9rog\u00e9n\u00e9it\u00e9 de l\u2019ensemble des acteurs-trices du projet SOHA?<\/li>\n<li>Comparativement aux membres des corps professoraux, les \u00e9tudiant-e-s sont nettement plus nombreux-ses \u00e0 avoir adh\u00e9rer au projet SOHA. Est-ce un atout ou une faiblesse?<\/li>\n<\/ul>\n<p>Ce sera pour moi l\u2019occasion d\u2019en apprendre davantage, d\u2019enrichir et de renouveler mes questionnements.<\/p>\n<p>Merci de m\u2019accueillir parmi vous<\/p>\n<p><em>Sylvie-Marianne<\/em><\/p>\n<p><a href=\"mailto:sylvie-marianne.rhugenda.1@ulaval.ca\">sylvie-marianne.rhugenda.1@ulaval.ca<\/a><\/p>\n<p><a href=\"http:\/\/www.doyoubuzz.com\/sylvie-marianne-rhugenda\">www.doyoubuzz.com\/sylvie-marianne-rhugenda<\/a><\/p><\/blockquote>\n<p><span style=\"border-radius: 2px; text-indent: 20px; width: auto; padding: 0px 4px 0px 0px; text-align: center; font: bold 11px\/20px 'Helvetica Neue',Helvetica,sans-serif; color: #ffffff; background: #bd081c no-repeat scroll 3px 50% \/ 14px 14px; position: absolute; opacity: 1; z-index: 8675309; display: none; cursor: pointer;\">Enregistrer<\/span><\/p>\n<p><span style=\"border-radius: 2px; text-indent: 20px; width: auto; padding: 0px 4px 0px 0px; text-align: center; font: bold 11px\/20px 'Helvetica Neue',Helvetica,sans-serif; color: #ffffff; background: #bd081c no-repeat scroll 3px 50% \/ 14px 14px; position: absolute; opacity: 1; z-index: 8675309; display: none; cursor: pointer;\">Enregistrer<\/span><\/p>\n<p><span style=\"border-radius: 2px; text-indent: 20px; width: auto; padding: 0px 4px 0px 0px; text-align: center; font: bold 11px\/20px 'Helvetica Neue',Helvetica,sans-serif; color: #ffffff; background: #bd081c no-repeat scroll 3px 50% \/ 14px 14px; position: absolute; opacity: 1; z-index: 8675309; display: none; cursor: pointer;\">Enregistrer<\/span><\/p>\n<p><span style=\"border-radius: 2px; text-indent: 20px; width: auto; padding: 0px 4px 0px 0px; text-align: center; font: bold 11px\/20px 'Helvetica Neue',Helvetica,sans-serif; color: #ffffff; background: #bd081c no-repeat scroll 3px 50% \/ 14px 14px; position: absolute; opacity: 1; z-index: 8675309; display: none; cursor: pointer;\">Enregistrer<\/span><\/p>\n<p><span style=\"border-radius: 2px; text-indent: 20px; width: auto; padding: 0px 4px 0px 0px; text-align: center; font: bold 11px\/20px 'Helvetica Neue',Helvetica,sans-serif; color: #ffffff; background: #bd081c no-repeat scroll 3px 50% \/ 14px 14px; position: absolute; opacity: 1; z-index: 8675309; display: none; cursor: pointer;\">Enregistrer<\/span><\/p>\n<p><span style=\"border-radius: 2px; text-indent: 20px; width: auto; padding: 0px 4px 0px 0px; text-align: center; font: bold 11px\/20px 'Helvetica Neue',Helvetica,sans-serif; color: #ffffff; background: #bd081c  no-repeat scroll 3px 50% \/ 14px 14px; position: absolute; opacity: 1; z-index: 8675309; display: none; cursor: pointer;\">Enregistrer<\/span><\/p>\n","protected":false},"excerpt":{"rendered":"<p>Une des vis\u00e9es du projet SOHA et de l&rsquo;APSOHA qui prend sa suite est de contribuer au \u00ab d\u00e9veloppement du pouvoir d&rsquo;agir \u00bb (ou empowerment) des \u00e9tudiantes et des \u00e9tudiants d&rsquo;Afrique et d&rsquo;Ha\u00efti qui y participent : ont-ils et ont-elles gagn\u00e9 de nouvelles comp\u00e9tences, de nouvelles connaissances, une plus grande\u2026<\/p>\n<p> <a class=\"continue-reading-link\" href=\"https:\/\/www.projetsoha.org\/?page_id=1527\"><span>Lire la suite<\/span><i class=\"crycon-right-dir\"><\/i><\/a> <\/p>\n","protected":false},"author":4,"featured_media":0,"parent":0,"menu_order":0,"comment_status":"closed","ping_status":"closed","template":"","meta":{"_monsterinsights_skip_tracking":false,"_monsterinsights_sitenote_active":false,"_monsterinsights_sitenote_note":"","_monsterinsights_sitenote_category":0,"footnotes":""},"class_list":["post-1527","page","type-page","status-publish","hentry"],"_links":{"self":[{"href":"https:\/\/www.projetsoha.org\/index.php?rest_route=\/wp\/v2\/pages\/1527","targetHints":{"allow":["GET"]}}],"collection":[{"href":"https:\/\/www.projetsoha.org\/index.php?rest_route=\/wp\/v2\/pages"}],"about":[{"href":"https:\/\/www.projetsoha.org\/index.php?rest_route=\/wp\/v2\/types\/page"}],"author":[{"embeddable":true,"href":"https:\/\/www.projetsoha.org\/index.php?rest_route=\/wp\/v2\/users\/4"}],"replies":[{"embeddable":true,"href":"https:\/\/www.projetsoha.org\/index.php?rest_route=%2Fwp%2Fv2%2Fcomments&post=1527"}],"version-history":[{"count":9,"href":"https:\/\/www.projetsoha.org\/index.php?rest_route=\/wp\/v2\/pages\/1527\/revisions"}],"predecessor-version":[{"id":1664,"href":"https:\/\/www.projetsoha.org\/index.php?rest_route=\/wp\/v2\/pages\/1527\/revisions\/1664"}],"wp:attachment":[{"href":"https:\/\/www.projetsoha.org\/index.php?rest_route=%2Fwp%2Fv2%2Fmedia&parent=1527"}],"curies":[{"name":"wp","href":"https:\/\/api.w.org\/{rel}","templated":true}]}}