{"id":140,"date":"2015-05-16T20:53:40","date_gmt":"2015-05-16T19:53:40","guid":{"rendered":"http:\/\/www.projetsoha.org\/?page_id=140"},"modified":"2015-11-26T04:38:13","modified_gmt":"2015-11-26T03:38:13","slug":"contact","status":"publish","type":"page","link":"https:\/\/www.projetsoha.org\/?page_id=140","title":{"rendered":"Contact"},"content":{"rendered":"<p>Pour joindre l&rsquo;\u00e9quipe du projet SOHA, le plus simple est le mail : \u00e9crivez \u00e0 <a href=\"mailto:equipe@projetsoha.org\">equipe@projetsoha.org<\/a>. Une personne vous r\u00e9pondra rapidement.<\/p>\n<p>Vous pouvez lui poser des questions sur la science ouverte, sur le projet, lui demander des questionnaires, lui sugg\u00e9rer des projets, etc.<\/p>\n<p>L&rsquo;\u00e9quipe est compos\u00e9e de co-chercheurs et de co-chercheuses r\u00e9partis dans plusieurs pays d&rsquo;Afrique, en Ha\u00efti et au Qu\u00e9bec. Au besoin, nous vous donnerons les coordonn\u00e9es de la personne la plus pr\u00e8s d&rsquo;o\u00f9 vous \u00eates.<\/p>\n","protected":false},"excerpt":{"rendered":"<p>Pour joindre l&rsquo;\u00e9quipe du projet SOHA, le plus simple est le mail : \u00e9crivez \u00e0 equipe@projetsoha.org. Une personne vous r\u00e9pondra rapidement. Vous pouvez lui poser des questions sur la science ouverte, sur le projet, lui demander des questionnaires, lui sugg\u00e9rer des projets, etc. L&rsquo;\u00e9quipe est compos\u00e9e de co-chercheurs et de\u2026<\/p>\n<p> <a class=\"continue-reading-link\" href=\"https:\/\/www.projetsoha.org\/?page_id=140\"><span>Lire la suite<\/span><i class=\"crycon-right-dir\"><\/i><\/a> <\/p>\n","protected":false},"author":4,"featured_media":0,"parent":0,"menu_order":0,"comment_status":"open","ping_status":"open","template":"","meta":{"_monsterinsights_skip_tracking":false,"_monsterinsights_sitenote_active":false,"_monsterinsights_sitenote_note":"","_monsterinsights_sitenote_category":0,"footnotes":""},"class_list":["post-140","page","type-page","status-publish","hentry"],"_links":{"self":[{"href":"https:\/\/www.projetsoha.org\/index.php?rest_route=\/wp\/v2\/pages\/140","targetHints":{"allow":["GET"]}}],"collection":[{"href":"https:\/\/www.projetsoha.org\/index.php?rest_route=\/wp\/v2\/pages"}],"about":[{"href":"https:\/\/www.projetsoha.org\/index.php?rest_route=\/wp\/v2\/types\/page"}],"author":[{"embeddable":true,"href":"https:\/\/www.projetsoha.org\/index.php?rest_route=\/wp\/v2\/users\/4"}],"replies":[{"embeddable":true,"href":"https:\/\/www.projetsoha.org\/index.php?rest_route=%2Fwp%2Fv2%2Fcomments&post=140"}],"version-history":[{"count":2,"href":"https:\/\/www.projetsoha.org\/index.php?rest_route=\/wp\/v2\/pages\/140\/revisions"}],"predecessor-version":[{"id":895,"href":"https:\/\/www.projetsoha.org\/index.php?rest_route=\/wp\/v2\/pages\/140\/revisions\/895"}],"wp:attachment":[{"href":"https:\/\/www.projetsoha.org\/index.php?rest_route=%2Fwp%2Fv2%2Fmedia&parent=140"}],"curies":[{"name":"wp","href":"https:\/\/api.w.org\/{rel}","templated":true}]}}