{"id":1322,"date":"2016-05-26T00:35:05","date_gmt":"2016-05-25T23:35:05","guid":{"rendered":"http:\/\/www.projetsoha.org\/?page_id=1322"},"modified":"2016-05-26T00:42:21","modified_gmt":"2016-05-25T23:42:21","slug":"deuxieme-enquete-soha","status":"publish","type":"page","link":"https:\/\/www.projetsoha.org\/?page_id=1322","title":{"rendered":"Deuxi\u00e8me enqu\u00eate SOHA"},"content":{"rendered":"<p style=\"text-align: justify;\"><a href=\"https:\/\/www.projetsoha.org\/wp-content\/uploads\/2016\/05\/Capture-d\u2019e\u0301cran-2016-05-25-a\u0300-19.30.49.png\"><img loading=\"lazy\" decoding=\"async\" class=\"wp-image-1323 alignleft\" src=\"https:\/\/www.projetsoha.org\/wp-content\/uploads\/2016\/05\/Capture-d\u2019e\u0301cran-2016-05-25-a\u0300-19.30.49.png\" alt=\"Capture d\u2019e\u0301cran 2016-05-25 a\u0300 19.30.49\" width=\"298\" height=\"143\" srcset=\"https:\/\/www.projetsoha.org\/wp-content\/uploads\/2016\/05\/Capture-d\u2019e\u0301cran-2016-05-25-a\u0300-19.30.49.png 986w, https:\/\/www.projetsoha.org\/wp-content\/uploads\/2016\/05\/Capture-d\u2019e\u0301cran-2016-05-25-a\u0300-19.30.49-300x144.png 300w, https:\/\/www.projetsoha.org\/wp-content\/uploads\/2016\/05\/Capture-d\u2019e\u0301cran-2016-05-25-a\u0300-19.30.49-768x368.png 768w, https:\/\/www.projetsoha.org\/wp-content\/uploads\/2016\/05\/Capture-d\u2019e\u0301cran-2016-05-25-a\u0300-19.30.49-250x120.png 250w, https:\/\/www.projetsoha.org\/wp-content\/uploads\/2016\/05\/Capture-d\u2019e\u0301cran-2016-05-25-a\u0300-19.30.49-150x72.png 150w\" sizes=\"auto, (max-width: 298px) 100vw, 298px\" \/><\/a>La <a href=\"https:\/\/docs.google.com\/forms\/d\/12povmBMf7KShy_-q5v9gj1HH68n9QlN_y2cFvpYFIds\/viewform\">deuxi\u00e8me enqu\u00eate du projet SOHA<\/a> s&rsquo;int\u00e9resse aux pratiques informationnelles et de citation des \u00e9tudiants et \u00e9tudiantes d&rsquo;Ha\u00efti et d&rsquo;Afrique francophone. Elle a \u00e9t\u00e9 construite \u00e0 partir des projets de m\u00e9moire et de th\u00e8se d&rsquo;\u00e9tudiants s\u00e9n\u00e9galais et ha\u00eftiens et, bien s\u00fbr, du projet SOHA. Une belle exp\u00e9rience de travail collaboratif!<\/p>\n<p style=\"text-align: justify;\">Les pratiques informationnelles d\u00e9signent ici les strat\u00e9gies des \u00e9tudiants et \u00e9tudiantes qui veulent acc\u00e9der \u00e0 des ressources scientifiques au cours de leurs \u00e9tudes ou de leurs recherches, qu&rsquo;il s&rsquo;agisse de ressources imprim\u00e9es ou num\u00e9riques : chercher, s\u00e9lectionner, classer, g\u00e9rer, m\u00e9moriser. L&rsquo;utilisation de ces ressources dans des devoirs universitaires ou des travaux scientifiques peut prendre la forme de citation\u00a0 : la fa\u00e7on dont vous citez nous int\u00e9resse.<\/p>\n<p style=\"text-align: justify;\">Cette enqu\u00eate prend la forme d&rsquo;un questionnaire en ligne qui compte 3 sections : 1) Qui \u00eates-vous? 2) Vos pratiques informationnelles 3) Vos pratiques de citation. Ce questionnaire prend de 10 \u00e0 15 minutes \u00e0 remplir en ligne. Il est <strong>anonyme<\/strong>. Vous pouvez utiliser les nombreux espaces de commentaire libre pour compl\u00e9ter les r\u00e9ponses ferm\u00e9es si vous le souhaitez.<\/p>\n<p style=\"text-align: justify;\"><strong>Date limite pour r\u00e9pondre :\u00a0 30 juin 2016<\/strong><\/p>\n<p style=\"text-align: justify;\"><a href=\"https:\/\/docs.google.com\/forms\/d\/12povmBMf7KShy_-q5v9gj1HH68n9QlN_y2cFvpYFIds\/viewform\">Lien pour remplir le questionnaire<\/a><\/p>\n<p style=\"text-align: justify;\">Comme pour la premi\u00e8re enqu\u00eate SOHA, les r\u00e9sultats bruts seront accessibles \u00e0 tous sur le site Zenodo.<\/p>\n<p style=\"text-align: justify;\">Rappel : la participation \u00e0 cette enqu\u00eate est r\u00e9serv\u00e9e aux <a href=\"https:\/\/www.projetsoha.org\/?page_id=22\" target=\"_blank\">membres du Collectif SOHA<\/a> qui vise \u00e0 rassembler les personnes d&rsquo;Ha\u00efti et d&rsquo;Afrique francophone qui s&rsquo;int\u00e9ressent \u00e0 la science ouverte\u00a0 et veulent mieux la comprendre ou qui souhaitent en devenir des leaders dans leur universit\u00e9.<\/p>\n<p style=\"text-align: justify;\">Il faut donc <strong>s&rsquo;inscrire au Collectif SOHA<\/strong> en <a href=\"https:\/\/docs.google.com\/forms\/d\/1vd5eyQODVf0s4cGfRfb0JrgNoR3ta9W-E26vH3XjU08\/viewform\" target=\"_blank\">remplissant un tr\u00e8s bref formulaire d&rsquo;adh\u00e9sion <\/a>AVANT de participer \u00e0 l&rsquo;enqu\u00eate. Au besoin, \u00e9crivez \u00e0 \u00a0equipe@projetsoha.org pour recevoir ces informations.<\/p>\n","protected":false},"excerpt":{"rendered":"<p>La deuxi\u00e8me enqu\u00eate du projet SOHA s&rsquo;int\u00e9resse aux pratiques informationnelles et de citation des \u00e9tudiants et \u00e9tudiantes d&rsquo;Ha\u00efti et d&rsquo;Afrique francophone. Elle a \u00e9t\u00e9 construite \u00e0 partir des projets de m\u00e9moire et de th\u00e8se d&rsquo;\u00e9tudiants s\u00e9n\u00e9galais et ha\u00eftiens et, bien s\u00fbr, du projet SOHA. Une belle exp\u00e9rience de travail collaboratif!\u2026<\/p>\n<p> <a class=\"continue-reading-link\" href=\"https:\/\/www.projetsoha.org\/?page_id=1322\"><span>Lire la suite<\/span><i class=\"crycon-right-dir\"><\/i><\/a> <\/p>\n","protected":false},"author":4,"featured_media":1323,"parent":0,"menu_order":0,"comment_status":"closed","ping_status":"closed","template":"","meta":{"_monsterinsights_skip_tracking":false,"_monsterinsights_sitenote_active":false,"_monsterinsights_sitenote_note":"","_monsterinsights_sitenote_category":0,"footnotes":""},"class_list":["post-1322","page","type-page","status-publish","has-post-thumbnail","hentry"],"_links":{"self":[{"href":"https:\/\/www.projetsoha.org\/index.php?rest_route=\/wp\/v2\/pages\/1322","targetHints":{"allow":["GET"]}}],"collection":[{"href":"https:\/\/www.projetsoha.org\/index.php?rest_route=\/wp\/v2\/pages"}],"about":[{"href":"https:\/\/www.projetsoha.org\/index.php?rest_route=\/wp\/v2\/types\/page"}],"author":[{"embeddable":true,"href":"https:\/\/www.projetsoha.org\/index.php?rest_route=\/wp\/v2\/users\/4"}],"replies":[{"embeddable":true,"href":"https:\/\/www.projetsoha.org\/index.php?rest_route=%2Fwp%2Fv2%2Fcomments&post=1322"}],"version-history":[{"count":3,"href":"https:\/\/www.projetsoha.org\/index.php?rest_route=\/wp\/v2\/pages\/1322\/revisions"}],"predecessor-version":[{"id":1328,"href":"https:\/\/www.projetsoha.org\/index.php?rest_route=\/wp\/v2\/pages\/1322\/revisions\/1328"}],"wp:featuredmedia":[{"embeddable":true,"href":"https:\/\/www.projetsoha.org\/index.php?rest_route=\/wp\/v2\/media\/1323"}],"wp:attachment":[{"href":"https:\/\/www.projetsoha.org\/index.php?rest_route=%2Fwp%2Fv2%2Fmedia&parent=1322"}],"curies":[{"name":"wp","href":"https:\/\/api.w.org\/{rel}","templated":true}]}}