{"id":1221,"date":"2016-05-15T21:41:49","date_gmt":"2016-05-15T20:41:49","guid":{"rendered":"http:\/\/www.projetsoha.org\/?page_id=1221"},"modified":"2017-09-07T18:10:09","modified_gmt":"2017-09-07T17:10:09","slug":"le-reseau-des-jeunes-benevoles-des-classiques-des-sciences-sociales-haiti","status":"publish","type":"page","link":"https:\/\/www.projetsoha.org\/?page_id=1221","title":{"rendered":"Le R\u00e9seau des jeunes b\u00e9n\u00e9voles des Classiques des sciences sociales &#8211; Ha\u00efti (REJEBECSS)"},"content":{"rendered":"<h2><\/h2>\n<h2>NAISSANCE ET MISSION<\/h2>\n<p><a href=\"https:\/\/www.projetsoha.org\/?page_id=1790\" target=\"_blank\" rel=\"noopener\">Lisez sur cette page la mission du REJEBECSS<\/a>, un groupe b\u00e9n\u00e9vole de jeunes universitaires ha\u00eftiens s&rsquo;effor\u00e7ant de num\u00e9riser et de mettre en ligne en libre acc\u00e8s le patrimoine ha\u00eftien en sciences sociales.<\/p>\n<p>Bienvenue sur la<a href=\"http:\/\/classiques.uqac.ca\/contemporains\/etudes_haitiennes\/etudes_haitiennes_index.html\" target=\"_blank\" rel=\"noopener\"> collection \u00c9tudes ha\u00eftiennes<\/a> sur le site des <a href=\"http:\/\/classiques.uqac.ca\/\" target=\"_blank\" rel=\"noopener\">Classiques des sciences sociales<\/a>!<\/p>\n<h2>ACTIVIT\u00c9S<a href=\"https:\/\/www.projetsoha.org\/wp-content\/uploads\/2016\/05\/logo-REJEBECSS.jpg\"><img loading=\"lazy\" decoding=\"async\" class=\"wp-image-1225 alignright\" src=\"https:\/\/www.projetsoha.org\/wp-content\/uploads\/2016\/05\/logo-REJEBECSS.jpg\" alt=\"logo REJEBECSS\" width=\"144\" height=\"144\" srcset=\"https:\/\/www.projetsoha.org\/wp-content\/uploads\/2016\/05\/logo-REJEBECSS.jpg 608w, https:\/\/www.projetsoha.org\/wp-content\/uploads\/2016\/05\/logo-REJEBECSS-150x150.jpg 150w, https:\/\/www.projetsoha.org\/wp-content\/uploads\/2016\/05\/logo-REJEBECSS-300x300.jpg 300w\" sizes=\"auto, (max-width: 144px) 100vw, 144px\" \/><\/a><\/h2>\n<ul>\n<li>2017<\/li>\n<\/ul>\n<p>OpenCon Ha\u00efti, Cap-Ha\u00eftien, 25 novembre : une journ\u00e9e compl\u00e8te consacr\u00e9e \u00e0 la science ouverte et au libre acc\u00e8s pour les \u00e9tudiants et les \u00e9tudiantes du Nord d&rsquo;Ha\u00efti, organis\u00e9e par le REJEBECSS avec l&rsquo;appui d&rsquo;OpenCon.<\/p>\n<p>\u00c9COLES D&rsquo;\u00c9T\u00c9 DU NUM\u00c9RIQUE<\/p>\n<p>La grande premi\u00e8re \u00c9cole d\u2019\u00e9t\u00e9 du num\u00e9rique est une s\u00e9rie de s\u00e9ances de formation et de travaux pratiques sur des plateformes et logiciels collaboratifs, notamment Google docs, Google form, Google drive, Trello, Framapad, Framadate, wiki, Diigo, Zotero, WordPress, Pearltress\u2026 qu\u2019organisent les membres directeurs de l\u2019Association pour la Promotion de la Science Ouverte en Haiti et en Afrique francophone \/ <a href=\"https:\/\/www.google.com\/url?q=https:\/\/www.projetsoha.org&amp;sa=D&amp;ust=1499800172795000&amp;usg=AFQjCNGMgqEgBepHcE57pVZmgXpmgSs6BQ\">www.projetsoha.org<\/a> (APSOHA-Ha\u00efti) et le R\u00e9seau des Jeunes B\u00e9n\u00e9voles des Classiques des Sciences Sociales (REJEBECSS).<\/p>\n<p>Le pr\u00e9sent formulaire vous permet de vous inscrire au premier num\u00e9ro de cette Ecole qui se tiendra les 28 et 29 juillet 2017, entre 8h AM et 15h, au local de l\u2019Universit\u00e9 CFDE, entr\u00e9e Delmas 75, impasse Herrard, #3.<\/p>\n<p>Participation: 1 000 GHT (documents et certificats y inclus). Ces frais doivent \u00eatre vers\u00e9s d\u00e8s le premier jour du s\u00e9minaire.<\/p>\n<p>NB: Seulement 30 places disponibles. <a href=\"https:\/\/docs.google.com\/forms\/d\/e\/1FAIpQLSdpV9ksf1y8jrepPR_yjtNsJJtuWnZAcKhEy7X91fZWrhKG3Q\/viewform\">POUR S&rsquo;INSCRIRE, REMPLIR CE FORMULAIRE<\/a><\/p>\n<p>Contact: (509) 4411 3625\/3328 4440<\/p>\n<p><a href=\"https:\/\/www.projetsoha.org\/wp-content\/uploads\/2016\/05\/e\u0301tudiants-hai\u0308tiens-du-REJEBBS.jpg\">D&rsquo;autres \u00e9coles auront lieu en ao\u00fbt \u00e0 Jacmel et au Cap-Ha\u00eftien.<img loading=\"lazy\" decoding=\"async\" class=\"wp-image-1222 alignright\" src=\"https:\/\/www.projetsoha.org\/wp-content\/uploads\/2016\/05\/e\u0301tudiants-hai\u0308tiens-du-REJEBBS.jpg\" alt=\"e\u0301tudiants hai\u0308tiens du REJEBBS\" width=\"334\" height=\"188\" srcset=\"https:\/\/www.projetsoha.org\/wp-content\/uploads\/2016\/05\/e\u0301tudiants-hai\u0308tiens-du-REJEBBS.jpg 1280w, https:\/\/www.projetsoha.org\/wp-content\/uploads\/2016\/05\/e\u0301tudiants-hai\u0308tiens-du-REJEBBS-300x169.jpg 300w, https:\/\/www.projetsoha.org\/wp-content\/uploads\/2016\/05\/e\u0301tudiants-hai\u0308tiens-du-REJEBBS-768x432.jpg 768w, https:\/\/www.projetsoha.org\/wp-content\/uploads\/2016\/05\/e\u0301tudiants-hai\u0308tiens-du-REJEBBS-1024x576.jpg 1024w, https:\/\/www.projetsoha.org\/wp-content\/uploads\/2016\/05\/e\u0301tudiants-hai\u0308tiens-du-REJEBBS-250x141.jpg 250w, https:\/\/www.projetsoha.org\/wp-content\/uploads\/2016\/05\/e\u0301tudiants-hai\u0308tiens-du-REJEBBS-150x84.jpg 150w\" sizes=\"auto, (max-width: 334px) 100vw, 334px\" \/><\/a><\/p>\n<h2>DANS LES M\u00c9DIAS ET SUR LE WEB<\/h2>\n<ul>\n<li>\n<p class=\"entry-title\"><a href=\"http:\/\/www.laplih.com\/technologie\/rejebecss-haiti-et-apsoha-lancent-la-premiere-edition-de-lecole-dete-du-numerique-a-port-au-prince\/\" target=\"_blank\" rel=\"noopener\">REJEBECSS-Ha\u00efti et APSOHA lancent la premi\u00e8re \u00e9dition de \u00a0l\u2019\u00e9cole d\u2019\u00e9t\u00e9 du num\u00e9rique \u00e0 Port-au-Prince<\/a><\/p>\n<\/li>\n<li><a href=\"https:\/\/www.projetsoha.org\/?p=1811\">L&rsquo;action du REJEBECSS en faveur de l&rsquo;accessibilit\u00e9 des savoirs ha\u00eftiens en sciences sociales<\/a><\/li>\n<li><a href=\"https:\/\/www.projetsoha.org\/?p=1642\" target=\"_blank\" rel=\"noopener\">Le REJEBECSS poursuit sa course dans la lutte contre les injustices cognitives<\/a><\/li>\n<li><a href=\"https:\/\/www.projetsoha.org\/?p=1393\" target=\"_blank\" rel=\"noopener\">La mise en valeur par les Classiques des sciences sociales des savoirs produits en Ha\u00efti<\/a><\/li>\n<li><a href=\"https:\/\/www.projetsoha.org\/?p=1378\" target=\"_blank\" rel=\"noopener\">Un nouveau son de cloche au Campus Henri Christophe de Limonade : celui de la science ouverte<\/a><\/li>\n<li><a href=\"https:\/\/www.projetsoha.org\/?p=1188\" target=\"_blank\" rel=\"noopener\">Maintenant \u00e0 chaque clic, j&rsquo;apprends et je partage<\/a><\/li>\n<\/ul>\n<h2>SOUTENEZ LE REJEBECSS PAR UN DON<\/h2>\n<p>L&rsquo;action du REJEBECSS vous parait importante? Soutenez la ferveur de ces jeunes par un don qui pourra leur permettre d&rsquo;acheter un scanner sur place et de consacrer encore plus de temps \u00e0 ce projet si important.<\/p>\n<p>Pour faire un don en Ha\u00efti, contactez le pr\u00e9sident du REJEBECSS, Rency Inson Michel sur Whatapp \u00e0 44 11 36 25<\/p>\n<p>Pour faire un don en ligne, utilisez le compte Paypal de l&rsquo;Association science et bien commun qui transf\u00e8rera directement les montants recueillis \u00e0 M. Rency Inson Michel.<\/p>\n<form action=\"https:\/\/www.paypal.com\/cgi-bin\/webscr\" method=\"post\" target=\"_top\"><input name=\"cmd\" type=\"hidden\" value=\"_s-xclick\" \/><br \/>\n<input name=\"hosted_button_id\" type=\"hidden\" value=\"3C24NDXXWC254\" \/><br \/>\n<input alt=\"PayPal - la solution de paiement en ligne la plus simple et la plus s\u00e9curis\u00e9e !\" name=\"submit\" src=\"https:\/\/www.paypalobjects.com\/fr_CA\/i\/btn\/btn_donateCC_LG.gif\" type=\"image\" \/><br \/>\n<img loading=\"lazy\" decoding=\"async\" src=\"https:\/\/www.paypalobjects.com\/fr_CA\/i\/scr\/pixel.gif\" alt=\"\" width=\"1\" height=\"1\" border=\"0\" \/><\/form>\n<h2>ACTIVIT\u00c9S PASS\u00c9ES<\/h2>\n<ul>\n<li>Atelier de formation du 6 mai 2016<\/li>\n<\/ul>\n<h2>CONTACT<\/h2>\n<p>Pour plus d&rsquo;information, contactez le coordonnateur du r\u00e9seau, Rency Inson Michel \u00e0 <a href=\"mailto:rencyinson@gmail.com\">rencyinson@gmail.com<\/a><\/p>\n<p>Suivez-nous<a href=\"https:\/\/www.facebook.com\/R%C3%A9seau-des-jeunes-b%C3%A9n%C3%A9voles-des-Classiques-de-sc-soc-en-Ha%C3%AFti-990201527728211\/?fref=nf\"> sur Facebook!<\/a><\/p>\n<p>Le logo a \u00e9t\u00e9 r\u00e9alis\u00e9 par Michelot Jean Claude.<\/p>\n<div id=\"s3gt_translate_tooltip\" class=\"s3gt_translate_tooltip\" style=\"position: absolute; left: 726px; top: 544px; opacity: 0;\"><\/div>\n<div id=\"s3gt_translate_tooltip\" class=\"s3gt_translate_tooltip\" style=\"position: absolute; left: 10px; top: 193px;\"><\/div>\n","protected":false},"excerpt":{"rendered":"<p>NAISSANCE ET MISSION Lisez sur cette page la mission du REJEBECSS, un groupe b\u00e9n\u00e9vole de jeunes universitaires ha\u00eftiens s&rsquo;effor\u00e7ant de num\u00e9riser et de mettre en ligne en libre acc\u00e8s le patrimoine ha\u00eftien en sciences sociales. Bienvenue sur la collection \u00c9tudes ha\u00eftiennes sur le site des Classiques des sciences sociales! ACTIVIT\u00c9S\u2026<\/p>\n<p> <a class=\"continue-reading-link\" href=\"https:\/\/www.projetsoha.org\/?page_id=1221\"><span>Lire la suite<\/span><i class=\"crycon-right-dir\"><\/i><\/a> <\/p>\n","protected":false},"author":4,"featured_media":1225,"parent":0,"menu_order":0,"comment_status":"closed","ping_status":"closed","template":"","meta":{"_monsterinsights_skip_tracking":false,"_monsterinsights_sitenote_active":false,"_monsterinsights_sitenote_note":"","_monsterinsights_sitenote_category":0,"footnotes":""},"class_list":["post-1221","page","type-page","status-publish","has-post-thumbnail","hentry"],"_links":{"self":[{"href":"https:\/\/www.projetsoha.org\/index.php?rest_route=\/wp\/v2\/pages\/1221","targetHints":{"allow":["GET"]}}],"collection":[{"href":"https:\/\/www.projetsoha.org\/index.php?rest_route=\/wp\/v2\/pages"}],"about":[{"href":"https:\/\/www.projetsoha.org\/index.php?rest_route=\/wp\/v2\/types\/page"}],"author":[{"embeddable":true,"href":"https:\/\/www.projetsoha.org\/index.php?rest_route=\/wp\/v2\/users\/4"}],"replies":[{"embeddable":true,"href":"https:\/\/www.projetsoha.org\/index.php?rest_route=%2Fwp%2Fv2%2Fcomments&post=1221"}],"version-history":[{"count":26,"href":"https:\/\/www.projetsoha.org\/index.php?rest_route=\/wp\/v2\/pages\/1221\/revisions"}],"predecessor-version":[{"id":1814,"href":"https:\/\/www.projetsoha.org\/index.php?rest_route=\/wp\/v2\/pages\/1221\/revisions\/1814"}],"wp:featuredmedia":[{"embeddable":true,"href":"https:\/\/www.projetsoha.org\/index.php?rest_route=\/wp\/v2\/media\/1225"}],"wp:attachment":[{"href":"https:\/\/www.projetsoha.org\/index.php?rest_route=%2Fwp%2Fv2%2Fmedia&parent=1221"}],"curies":[{"name":"wp","href":"https:\/\/api.w.org\/{rel}","templated":true}]}}